{"id":231647,"date":"2023-08-09T13:45:13","date_gmt":"2023-08-09T13:45:13","guid":{"rendered":"https:\/\/shop.claritergroup.com\/product\/evaluacion-de-la-experiencia-de-usuario\/"},"modified":"2024-02-21T15:18:46","modified_gmt":"2024-02-21T15:18:46","slug":"evaluacion-de-la-experiencia-de-usuario","status":"publish","type":"product","link":"https:\/\/shop.claritergroup.com\/es\/producto\/evaluacion-de-la-experiencia-de-usuario\/","title":{"rendered":"User Experience Assessment"},"content":{"rendered":"<p><span style=\"font-size: 14px\">Mejora la Experiencia de Usuario de tus productos a trav\u00e9s de la interacci\u00f3n directa con usuarios finales y potenciales. <\/span><span style=\"font-size: 14px\">La fuerza de nuestra metodolog\u00eda viene est\u00e1 en el enfoque Human-Centred que, gracias a la interacci\u00f3n con usuarios reales, nos permite recopilar datos y obtener un feedback veraz y detallado. <\/span><span style=\"font-size: 14px\">La realizaci\u00f3n de la actividad, adem\u00e1s de una visi\u00f3n de la usabilidad percibida, proporcionar\u00e1 ideas de mejora tanto de los expertos como de los asistentes de nuestra comunidad, para recoger posibles ajustes t\u00e9cnicos para mejorar la usabilidad.<\/span><\/p>\n<p><span style=\"font-size: 14px\">M\u00e1s informaci\u00f3n sobre el servicio <a href=\"https:\/\/shop.claritergroup.com\/wp-content\/uploads\/2023\/08\/Srl-3322-User-Experience-Assessment.pdf\"><span style=\"color: #0000ff\">aqu\u00ed.<\/span><\/a><\/span><\/p>\n","protected":false},"excerpt":{"rendered":"<p>Evaluaci\u00f3n de la eficacia y satisfacci\u00f3n de uso de una aplicaci\u00f3n por expertos en usabilidad, con la participaci\u00f3n de usuarios reales de nuestra comunidad de Crowdsourcing. An\u00e1lisis de usabilidad realizado utilizando la definici\u00f3n de usabilidad proporcionada por ISO e indicadores dedicados espec\u00edficos, entrega de un informe con indicadores clave (por ejemplo, NPS, CSat, UMUX Lite o SUS) y observaciones de expertos en factores humanos.<\/p>\n<p>&nbsp;<\/p>\n<p>&nbsp;<\/p>\n","protected":false},"featured_media":231627,"template":"","meta":{"_et_pb_use_builder":"","_et_pb_old_content":"","_et_gb_content_width":"","inline_featured_image":false},"product_brand":[],"product_cat":[244,211],"product_tag":[251,252],"class_list":{"0":"post-231647","1":"product","2":"type-product","3":"status-publish","4":"has-post-thumbnail","6":"product_cat-categoria-di-default-es","7":"product_cat-experience-es","8":"product_tag-user-experience-es","9":"product_tag-user-testing-es","11":"first","12":"instock","13":"sold-individually","14":"taxable","15":"shipping-taxable","16":"purchasable","17":"product-type-simple"},"yoast_head":"<!-- This site is optimized with the Yoast SEO plugin v27.5 - https:\/\/yoast.com\/product\/yoast-seo-wordpress\/ -->\n<title>User Experience Assessment - CLARITER<\/title>\n<meta name=\"description\" content=\"Mejora la Experiencia de Usuario de tu producto a trav\u00e9s de la interacci\u00f3n directa con los usuarios finales y potenciales. El equipo de Qalya Sense emplea un enfoque centrado en el ser humano para recopilar, gracias a nuestra comunidad de crowdsourcing, comentarios veraces e ideas para mejorar la usabilidad y la interfaz de usuario.\" \/>\n<meta name=\"robots\" content=\"index, follow, max-snippet:-1, max-image-preview:large, max-video-preview:-1\" \/>\n<link rel=\"canonical\" href=\"https:\/\/shop.claritergroup.com\/es\/producto\/evaluacion-de-la-experiencia-de-usuario\/\" \/>\n<meta property=\"og:locale\" content=\"es_ES\" \/>\n<meta property=\"og:type\" content=\"article\" \/>\n<meta property=\"og:title\" content=\"User Experience Assessment - CLARITER\" \/>\n<meta property=\"og:description\" content=\"Mejora la Experiencia de Usuario de tu producto a trav\u00e9s de la interacci\u00f3n directa con los usuarios finales y potenciales. El equipo de Qalya Sense emplea un enfoque centrado en el ser humano para recopilar, gracias a nuestra comunidad de crowdsourcing, comentarios veraces e ideas para mejorar la usabilidad y la interfaz de usuario.\" \/>\n<meta property=\"og:url\" content=\"https:\/\/shop.claritergroup.com\/es\/producto\/evaluacion-de-la-experiencia-de-usuario\/\" \/>\n<meta property=\"og:site_name\" content=\"CLARITER\" \/>\n<meta property=\"article:publisher\" content=\"https:\/\/www.facebook.com\/Claritergroup\/\" \/>\n<meta property=\"article:modified_time\" content=\"2024-02-21T15:18:46+00:00\" \/>\n<meta property=\"og:image\" content=\"https:\/\/shop.claritergroup.com\/wp-content\/uploads\/2023\/08\/User-Experience-Assessment.png\" \/>\n\t<meta property=\"og:image:width\" content=\"1920\" \/>\n\t<meta property=\"og:image:height\" content=\"1920\" \/>\n\t<meta property=\"og:image:type\" content=\"image\/png\" \/>\n<meta name=\"twitter:card\" content=\"summary_large_image\" \/>\n<meta name=\"twitter:site\" content=\"@clariter\" \/>\n<meta name=\"twitter:label1\" content=\"Tiempo de lectura\" \/>\n\t<meta name=\"twitter:data1\" content=\"1 minuto\" \/>\n<script type=\"application\/ld+json\" class=\"yoast-schema-graph\">{\"@context\":\"https:\\\/\\\/schema.org\",\"@graph\":[{\"@type\":\"WebPage\",\"@id\":\"https:\\\/\\\/shop.claritergroup.com\\\/es\\\/producto\\\/evaluacion-de-la-experiencia-de-usuario\\\/\",\"url\":\"https:\\\/\\\/shop.claritergroup.com\\\/es\\\/producto\\\/evaluacion-de-la-experiencia-de-usuario\\\/\",\"name\":\"User Experience Assessment - CLARITER\",\"isPartOf\":{\"@id\":\"https:\\\/\\\/shop.claritergroup.com\\\/#website\"},\"primaryImageOfPage\":{\"@id\":\"https:\\\/\\\/shop.claritergroup.com\\\/es\\\/producto\\\/evaluacion-de-la-experiencia-de-usuario\\\/#primaryimage\"},\"image\":{\"@id\":\"https:\\\/\\\/shop.claritergroup.com\\\/es\\\/producto\\\/evaluacion-de-la-experiencia-de-usuario\\\/#primaryimage\"},\"thumbnailUrl\":\"https:\\\/\\\/shop.claritergroup.com\\\/wp-content\\\/uploads\\\/2023\\\/08\\\/User-Experience-Assessment.png\",\"datePublished\":\"2023-08-09T13:45:13+00:00\",\"dateModified\":\"2024-02-21T15:18:46+00:00\",\"description\":\"Mejora la Experiencia de Usuario de tu producto a trav\u00e9s de la interacci\u00f3n directa con los usuarios finales y potenciales. El equipo de Qalya Sense emplea un enfoque centrado en el ser humano para recopilar, gracias a nuestra comunidad de crowdsourcing, comentarios veraces e ideas para mejorar la usabilidad y la interfaz de usuario.\",\"breadcrumb\":{\"@id\":\"https:\\\/\\\/shop.claritergroup.com\\\/es\\\/producto\\\/evaluacion-de-la-experiencia-de-usuario\\\/#breadcrumb\"},\"inLanguage\":\"es\",\"potentialAction\":[{\"@type\":\"ReadAction\",\"target\":[\"https:\\\/\\\/shop.claritergroup.com\\\/es\\\/producto\\\/evaluacion-de-la-experiencia-de-usuario\\\/\"]}]},{\"@type\":\"ImageObject\",\"inLanguage\":\"es\",\"@id\":\"https:\\\/\\\/shop.claritergroup.com\\\/es\\\/producto\\\/evaluacion-de-la-experiencia-de-usuario\\\/#primaryimage\",\"url\":\"https:\\\/\\\/shop.claritergroup.com\\\/wp-content\\\/uploads\\\/2023\\\/08\\\/User-Experience-Assessment.png\",\"contentUrl\":\"https:\\\/\\\/shop.claritergroup.com\\\/wp-content\\\/uploads\\\/2023\\\/08\\\/User-Experience-Assessment.png\",\"width\":1920,\"height\":1920},{\"@type\":\"BreadcrumbList\",\"@id\":\"https:\\\/\\\/shop.claritergroup.com\\\/es\\\/producto\\\/evaluacion-de-la-experiencia-de-usuario\\\/#breadcrumb\",\"itemListElement\":[{\"@type\":\"ListItem\",\"position\":1,\"name\":\"Home\",\"item\":\"https:\\\/\\\/shop.claritergroup.com\\\/\"},{\"@type\":\"ListItem\",\"position\":2,\"name\":\"Tienda\",\"item\":\"https:\\\/\\\/shop.claritergroup.com\\\/\"},{\"@type\":\"ListItem\",\"position\":3,\"name\":\"User Experience Assessment\"}]},{\"@type\":\"WebSite\",\"@id\":\"https:\\\/\\\/shop.claritergroup.com\\\/#website\",\"url\":\"https:\\\/\\\/shop.claritergroup.com\\\/\",\"name\":\"CLARITER\",\"description\":\"We improve your customer engagement\",\"potentialAction\":[{\"@type\":\"SearchAction\",\"target\":{\"@type\":\"EntryPoint\",\"urlTemplate\":\"https:\\\/\\\/shop.claritergroup.com\\\/?s={search_term_string}\"},\"query-input\":{\"@type\":\"PropertyValueSpecification\",\"valueRequired\":true,\"valueName\":\"search_term_string\"}}],\"inLanguage\":\"es\"}]}<\/script>\n<!-- \/ Yoast SEO plugin. -->","yoast_head_json":{"title":"User Experience Assessment - CLARITER","description":"Mejora la Experiencia de Usuario de tu producto a trav\u00e9s de la interacci\u00f3n directa con los usuarios finales y potenciales. El equipo de Qalya Sense emplea un enfoque centrado en el ser humano para recopilar, gracias a nuestra comunidad de crowdsourcing, comentarios veraces e ideas para mejorar la usabilidad y la interfaz de usuario.","robots":{"index":"index","follow":"follow","max-snippet":"max-snippet:-1","max-image-preview":"max-image-preview:large","max-video-preview":"max-video-preview:-1"},"canonical":"https:\/\/shop.claritergroup.com\/es\/producto\/evaluacion-de-la-experiencia-de-usuario\/","og_locale":"es_ES","og_type":"article","og_title":"User Experience Assessment - CLARITER","og_description":"Mejora la Experiencia de Usuario de tu producto a trav\u00e9s de la interacci\u00f3n directa con los usuarios finales y potenciales. El equipo de Qalya Sense emplea un enfoque centrado en el ser humano para recopilar, gracias a nuestra comunidad de crowdsourcing, comentarios veraces e ideas para mejorar la usabilidad y la interfaz de usuario.","og_url":"https:\/\/shop.claritergroup.com\/es\/producto\/evaluacion-de-la-experiencia-de-usuario\/","og_site_name":"CLARITER","article_publisher":"https:\/\/www.facebook.com\/Claritergroup\/","article_modified_time":"2024-02-21T15:18:46+00:00","og_image":[{"width":1920,"height":1920,"url":"https:\/\/shop.claritergroup.com\/wp-content\/uploads\/2023\/08\/User-Experience-Assessment.png","type":"image\/png"}],"twitter_card":"summary_large_image","twitter_site":"@clariter","twitter_misc":{"Tiempo de lectura":"1 minuto"},"schema":{"@context":"https:\/\/schema.org","@graph":[{"@type":"WebPage","@id":"https:\/\/shop.claritergroup.com\/es\/producto\/evaluacion-de-la-experiencia-de-usuario\/","url":"https:\/\/shop.claritergroup.com\/es\/producto\/evaluacion-de-la-experiencia-de-usuario\/","name":"User Experience Assessment - CLARITER","isPartOf":{"@id":"https:\/\/shop.claritergroup.com\/#website"},"primaryImageOfPage":{"@id":"https:\/\/shop.claritergroup.com\/es\/producto\/evaluacion-de-la-experiencia-de-usuario\/#primaryimage"},"image":{"@id":"https:\/\/shop.claritergroup.com\/es\/producto\/evaluacion-de-la-experiencia-de-usuario\/#primaryimage"},"thumbnailUrl":"https:\/\/shop.claritergroup.com\/wp-content\/uploads\/2023\/08\/User-Experience-Assessment.png","datePublished":"2023-08-09T13:45:13+00:00","dateModified":"2024-02-21T15:18:46+00:00","description":"Mejora la Experiencia de Usuario de tu producto a trav\u00e9s de la interacci\u00f3n directa con los usuarios finales y potenciales. El equipo de Qalya Sense emplea un enfoque centrado en el ser humano para recopilar, gracias a nuestra comunidad de crowdsourcing, comentarios veraces e ideas para mejorar la usabilidad y la interfaz de usuario.","breadcrumb":{"@id":"https:\/\/shop.claritergroup.com\/es\/producto\/evaluacion-de-la-experiencia-de-usuario\/#breadcrumb"},"inLanguage":"es","potentialAction":[{"@type":"ReadAction","target":["https:\/\/shop.claritergroup.com\/es\/producto\/evaluacion-de-la-experiencia-de-usuario\/"]}]},{"@type":"ImageObject","inLanguage":"es","@id":"https:\/\/shop.claritergroup.com\/es\/producto\/evaluacion-de-la-experiencia-de-usuario\/#primaryimage","url":"https:\/\/shop.claritergroup.com\/wp-content\/uploads\/2023\/08\/User-Experience-Assessment.png","contentUrl":"https:\/\/shop.claritergroup.com\/wp-content\/uploads\/2023\/08\/User-Experience-Assessment.png","width":1920,"height":1920},{"@type":"BreadcrumbList","@id":"https:\/\/shop.claritergroup.com\/es\/producto\/evaluacion-de-la-experiencia-de-usuario\/#breadcrumb","itemListElement":[{"@type":"ListItem","position":1,"name":"Home","item":"https:\/\/shop.claritergroup.com\/"},{"@type":"ListItem","position":2,"name":"Tienda","item":"https:\/\/shop.claritergroup.com\/"},{"@type":"ListItem","position":3,"name":"User Experience Assessment"}]},{"@type":"WebSite","@id":"https:\/\/shop.claritergroup.com\/#website","url":"https:\/\/shop.claritergroup.com\/","name":"CLARITER","description":"We improve your customer engagement","potentialAction":[{"@type":"SearchAction","target":{"@type":"EntryPoint","urlTemplate":"https:\/\/shop.claritergroup.com\/?s={search_term_string}"},"query-input":{"@type":"PropertyValueSpecification","valueRequired":true,"valueName":"search_term_string"}}],"inLanguage":"es"}]}},"_links":{"self":[{"href":"https:\/\/shop.claritergroup.com\/es\/wp-json\/wp\/v2\/product\/231647","targetHints":{"allow":["GET"]}}],"collection":[{"href":"https:\/\/shop.claritergroup.com\/es\/wp-json\/wp\/v2\/product"}],"about":[{"href":"https:\/\/shop.claritergroup.com\/es\/wp-json\/wp\/v2\/types\/product"}],"wp:featuredmedia":[{"embeddable":true,"href":"https:\/\/shop.claritergroup.com\/es\/wp-json\/wp\/v2\/media\/231627"}],"wp:attachment":[{"href":"https:\/\/shop.claritergroup.com\/es\/wp-json\/wp\/v2\/media?parent=231647"}],"wp:term":[{"taxonomy":"product_brand","embeddable":true,"href":"https:\/\/shop.claritergroup.com\/es\/wp-json\/wp\/v2\/product_brand?post=231647"},{"taxonomy":"product_cat","embeddable":true,"href":"https:\/\/shop.claritergroup.com\/es\/wp-json\/wp\/v2\/product_cat?post=231647"},{"taxonomy":"product_tag","embeddable":true,"href":"https:\/\/shop.claritergroup.com\/es\/wp-json\/wp\/v2\/product_tag?post=231647"}],"curies":[{"name":"wp","href":"https:\/\/api.w.org\/{rel}","templated":true}]}}