{"id":231650,"date":"2023-08-09T13:44:24","date_gmt":"2023-08-09T13:44:24","guid":{"rendered":"https:\/\/shop.claritergroup.com\/product\/evaluacion-tecnica-de-accesibilidad-automatica-y-manual\/"},"modified":"2024-02-21T15:19:06","modified_gmt":"2024-02-21T15:19:06","slug":"evaluacion-tecnica-de-accesibilidad-automatica-y-manual","status":"publish","type":"product","link":"https:\/\/shop.claritergroup.com\/es\/producto\/evaluacion-tecnica-de-accesibilidad-automatica-y-manual\/","title":{"rendered":"Automatic and Manual Technical Accessibility Assessment"},"content":{"rendered":"<p>\u00bfQuieres saber si tu aplicaci\u00f3n cumple con los est\u00e1ndares t\u00e9cnicos de accesibilidad web? A trav\u00e9s de la perfecta sinergia de pruebas autom\u00e1ticas y manuales, el equipo de Qalya Sphere realiza el an\u00e1lisis de los requisitos t\u00e9cnicos definidos por la legislaci\u00f3n y le proporciona toda la informaci\u00f3n necesaria para la publicaci\u00f3n de la Declaraci\u00f3n de Accesibilidad.<\/p>\n<p><span style=\"font-size: 14px\">M\u00e1s informaci\u00f3n sobre el servicio <a href=\"https:\/\/shop.claritergroup.com\/wp-content\/uploads\/2023\/09\/8720-en-Automatic-and-Manual-Technical-Accessibility-Assessment.pdf\"><span style=\"color: #0000ff\">aqu\u00ed.<\/span><\/a><\/span><\/p>\n","protected":false},"excerpt":{"rendered":"<p><span style=\"font-size: 14px\">Pruebas de Accesibilidad T\u00e9cnica realizadas mediante el uso de una herramienta autom\u00e1tica y una verificaci\u00f3n t\u00e9cnica manual por muestreo para tener una mayor exhaustividad y calidad de an\u00e1lisis de los resultados.<\/span><\/p>\n","protected":false},"featured_media":231615,"template":"","meta":{"_et_pb_use_builder":"","_et_pb_old_content":"","_et_gb_content_width":"","inline_featured_image":false},"product_cat":[201,244],"product_tag":[259,258,260],"yoast_head":"<!-- This site is optimized with the Yoast SEO plugin v20.12 - https:\/\/yoast.com\/wordpress\/plugins\/seo\/ -->\n<title>Automatic and Manual Technical Accessibility Assessment - CLARITER<\/title>\n<meta name=\"description\" content=\"Prueba la Accesibilidad T\u00e9cnica de tu aplicaci\u00f3n mediante el uso de una herramienta autom\u00e1tica y una verificaci\u00f3n t\u00e9cnica manual en base a una muestra para tener una mayor integridad y calidad de an\u00e1lisis de los resultados.\" \/>\n<meta name=\"robots\" content=\"index, follow, max-snippet:-1, max-image-preview:large, max-video-preview:-1\" \/>\n<link rel=\"canonical\" href=\"https:\/\/shop.claritergroup.com\/es\/producto\/evaluacion-tecnica-de-accesibilidad-automatica-y-manual\/\" \/>\n<meta property=\"og:locale\" content=\"es_ES\" \/>\n<meta property=\"og:type\" content=\"article\" \/>\n<meta property=\"og:title\" content=\"Automatic and Manual Technical Accessibility Assessment - CLARITER\" \/>\n<meta property=\"og:description\" content=\"Prueba la Accesibilidad T\u00e9cnica de tu aplicaci\u00f3n mediante el uso de una herramienta autom\u00e1tica y una verificaci\u00f3n t\u00e9cnica manual en base a una muestra para tener una mayor integridad y calidad de an\u00e1lisis de los resultados.\" \/>\n<meta property=\"og:url\" content=\"https:\/\/shop.claritergroup.com\/es\/producto\/evaluacion-tecnica-de-accesibilidad-automatica-y-manual\/\" \/>\n<meta property=\"og:site_name\" content=\"CLARITER\" \/>\n<meta property=\"article:publisher\" content=\"https:\/\/www.facebook.com\/Claritergroup\/\" \/>\n<meta property=\"article:modified_time\" content=\"2024-02-21T15:19:06+00:00\" \/>\n<meta property=\"og:image\" content=\"https:\/\/shop.claritergroup.com\/wp-content\/uploads\/2023\/08\/Automatic-Manual-Technical-Assessment.png\" \/>\n\t<meta property=\"og:image:width\" content=\"1920\" \/>\n\t<meta property=\"og:image:height\" content=\"1920\" \/>\n\t<meta property=\"og:image:type\" content=\"image\/png\" \/>\n<meta name=\"twitter:card\" content=\"summary_large_image\" \/>\n<meta name=\"twitter:site\" content=\"@clariter\" \/>\n<script type=\"application\/ld+json\" class=\"yoast-schema-graph\">{\"@context\":\"https:\/\/schema.org\",\"@graph\":[{\"@type\":\"WebPage\",\"@id\":\"https:\/\/shop.claritergroup.com\/es\/producto\/evaluacion-tecnica-de-accesibilidad-automatica-y-manual\/\",\"url\":\"https:\/\/shop.claritergroup.com\/es\/producto\/evaluacion-tecnica-de-accesibilidad-automatica-y-manual\/\",\"name\":\"Automatic and Manual Technical Accessibility Assessment - CLARITER\",\"isPartOf\":{\"@id\":\"https:\/\/shop.claritergroup.com\/#website\"},\"datePublished\":\"2023-08-09T13:44:24+00:00\",\"dateModified\":\"2024-02-21T15:19:06+00:00\",\"description\":\"Prueba la Accesibilidad T\u00e9cnica de tu aplicaci\u00f3n mediante el uso de una herramienta autom\u00e1tica y una verificaci\u00f3n t\u00e9cnica manual en base a una muestra para tener una mayor integridad y calidad de an\u00e1lisis de los resultados.\",\"breadcrumb\":{\"@id\":\"https:\/\/shop.claritergroup.com\/es\/producto\/evaluacion-tecnica-de-accesibilidad-automatica-y-manual\/#breadcrumb\"},\"inLanguage\":\"es\",\"potentialAction\":[{\"@type\":\"ReadAction\",\"target\":[\"https:\/\/shop.claritergroup.com\/es\/producto\/evaluacion-tecnica-de-accesibilidad-automatica-y-manual\/\"]}]},{\"@type\":\"BreadcrumbList\",\"@id\":\"https:\/\/shop.claritergroup.com\/es\/producto\/evaluacion-tecnica-de-accesibilidad-automatica-y-manual\/#breadcrumb\",\"itemListElement\":[{\"@type\":\"ListItem\",\"position\":1,\"name\":\"Home\",\"item\":\"https:\/\/shop.claritergroup.com\/\"},{\"@type\":\"ListItem\",\"position\":2,\"name\":\"Tienda\",\"item\":\"https:\/\/shop.claritergroup.com\/\"},{\"@type\":\"ListItem\",\"position\":3,\"name\":\"Automatic and Manual Technical Accessibility Assessment\"}]},{\"@type\":\"WebSite\",\"@id\":\"https:\/\/shop.claritergroup.com\/#website\",\"url\":\"https:\/\/shop.claritergroup.com\/\",\"name\":\"CLARITER\",\"description\":\"We improve your customer engagement\",\"potentialAction\":[{\"@type\":\"SearchAction\",\"target\":{\"@type\":\"EntryPoint\",\"urlTemplate\":\"https:\/\/shop.claritergroup.com\/?s={search_term_string}\"},\"query-input\":\"required name=search_term_string\"}],\"inLanguage\":\"es\"}]}<\/script>\n<!-- \/ Yoast SEO plugin. -->","yoast_head_json":{"title":"Automatic and Manual Technical Accessibility Assessment - CLARITER","description":"Prueba la Accesibilidad T\u00e9cnica de tu aplicaci\u00f3n mediante el uso de una herramienta autom\u00e1tica y una verificaci\u00f3n t\u00e9cnica manual en base a una muestra para tener una mayor integridad y calidad de an\u00e1lisis de los resultados.","robots":{"index":"index","follow":"follow","max-snippet":"max-snippet:-1","max-image-preview":"max-image-preview:large","max-video-preview":"max-video-preview:-1"},"canonical":"https:\/\/shop.claritergroup.com\/es\/producto\/evaluacion-tecnica-de-accesibilidad-automatica-y-manual\/","og_locale":"es_ES","og_type":"article","og_title":"Automatic and Manual Technical Accessibility Assessment - CLARITER","og_description":"Prueba la Accesibilidad T\u00e9cnica de tu aplicaci\u00f3n mediante el uso de una herramienta autom\u00e1tica y una verificaci\u00f3n t\u00e9cnica manual en base a una muestra para tener una mayor integridad y calidad de an\u00e1lisis de los resultados.","og_url":"https:\/\/shop.claritergroup.com\/es\/producto\/evaluacion-tecnica-de-accesibilidad-automatica-y-manual\/","og_site_name":"CLARITER","article_publisher":"https:\/\/www.facebook.com\/Claritergroup\/","article_modified_time":"2024-02-21T15:19:06+00:00","og_image":[{"width":1920,"height":1920,"url":"https:\/\/shop.claritergroup.com\/wp-content\/uploads\/2023\/08\/Automatic-Manual-Technical-Assessment.png","type":"image\/png"}],"twitter_card":"summary_large_image","twitter_site":"@clariter","schema":{"@context":"https:\/\/schema.org","@graph":[{"@type":"WebPage","@id":"https:\/\/shop.claritergroup.com\/es\/producto\/evaluacion-tecnica-de-accesibilidad-automatica-y-manual\/","url":"https:\/\/shop.claritergroup.com\/es\/producto\/evaluacion-tecnica-de-accesibilidad-automatica-y-manual\/","name":"Automatic and Manual Technical Accessibility Assessment - CLARITER","isPartOf":{"@id":"https:\/\/shop.claritergroup.com\/#website"},"datePublished":"2023-08-09T13:44:24+00:00","dateModified":"2024-02-21T15:19:06+00:00","description":"Prueba la Accesibilidad T\u00e9cnica de tu aplicaci\u00f3n mediante el uso de una herramienta autom\u00e1tica y una verificaci\u00f3n t\u00e9cnica manual en base a una muestra para tener una mayor integridad y calidad de an\u00e1lisis de los resultados.","breadcrumb":{"@id":"https:\/\/shop.claritergroup.com\/es\/producto\/evaluacion-tecnica-de-accesibilidad-automatica-y-manual\/#breadcrumb"},"inLanguage":"es","potentialAction":[{"@type":"ReadAction","target":["https:\/\/shop.claritergroup.com\/es\/producto\/evaluacion-tecnica-de-accesibilidad-automatica-y-manual\/"]}]},{"@type":"BreadcrumbList","@id":"https:\/\/shop.claritergroup.com\/es\/producto\/evaluacion-tecnica-de-accesibilidad-automatica-y-manual\/#breadcrumb","itemListElement":[{"@type":"ListItem","position":1,"name":"Home","item":"https:\/\/shop.claritergroup.com\/"},{"@type":"ListItem","position":2,"name":"Tienda","item":"https:\/\/shop.claritergroup.com\/"},{"@type":"ListItem","position":3,"name":"Automatic and Manual Technical Accessibility Assessment"}]},{"@type":"WebSite","@id":"https:\/\/shop.claritergroup.com\/#website","url":"https:\/\/shop.claritergroup.com\/","name":"CLARITER","description":"We improve your customer engagement","potentialAction":[{"@type":"SearchAction","target":{"@type":"EntryPoint","urlTemplate":"https:\/\/shop.claritergroup.com\/?s={search_term_string}"},"query-input":"required name=search_term_string"}],"inLanguage":"es"}]}},"_links":{"self":[{"href":"https:\/\/shop.claritergroup.com\/es\/wp-json\/wp\/v2\/product\/231650"}],"collection":[{"href":"https:\/\/shop.claritergroup.com\/es\/wp-json\/wp\/v2\/product"}],"about":[{"href":"https:\/\/shop.claritergroup.com\/es\/wp-json\/wp\/v2\/types\/product"}],"wp:featuredmedia":[{"embeddable":true,"href":"https:\/\/shop.claritergroup.com\/es\/wp-json\/wp\/v2\/media\/231615"}],"wp:attachment":[{"href":"https:\/\/shop.claritergroup.com\/es\/wp-json\/wp\/v2\/media?parent=231650"}],"wp:term":[{"taxonomy":"product_cat","embeddable":true,"href":"https:\/\/shop.claritergroup.com\/es\/wp-json\/wp\/v2\/product_cat?post=231650"},{"taxonomy":"product_tag","embeddable":true,"href":"https:\/\/shop.claritergroup.com\/es\/wp-json\/wp\/v2\/product_tag?post=231650"}],"curies":[{"name":"wp","href":"https:\/\/api.w.org\/{rel}","templated":true}]}}