{"id":231653,"date":"2023-08-09T13:42:41","date_gmt":"2023-08-09T13:42:41","guid":{"rendered":"https:\/\/shop.claritergroup.com\/product\/mecanismo-de-feedback\/"},"modified":"2024-02-21T15:19:24","modified_gmt":"2024-02-21T15:19:24","slug":"mecanismo-de-feedback","status":"publish","type":"product","link":"https:\/\/shop.claritergroup.com\/es\/producto\/mecanismo-de-feedback\/","title":{"rendered":"Development of Feedback Mechanism for Accessibility Issues"},"content":{"rendered":"<p><span style=\"font-size: 14px\">Elije esta soluci\u00f3n para permitir que los usuarios finales de tu servicio digital informen cualquier problema cr\u00edtico de accesibilidad sobre los contenidos, p\u00e1ginas y secciones de tu aplicaci\u00f3n. <\/span><span style=\"font-size: 14px\">Abre un nuevo canal de comunicaci\u00f3n directa con tus usuarios finales para permitirles tener voz y comunicarse directamente contigo, sin intermediarios. \u00a1Al elegir esta soluci\u00f3n impulsada por el equipo de Qalya Script, est\u00e1s un paso m\u00e1s cerca de cumplir con las normas de accesibilidad actuales!<\/span><\/p>\n<p><span style=\"font-size: 14px\">M\u00e1s informaci\u00f3n sobre el servicio <a href=\"https:\/\/shop.claritergroup.com\/wp-content\/uploads\/2023\/09\/8720-en-Feedback-Mechanism.pdf\"><span style=\"color: #0000ff\">aqu\u00ed.<\/span><\/a><\/span><\/p>\n","protected":false},"excerpt":{"rendered":"<p>Apoyo al desarrollo de la p\u00e1gina web del mecanismo de feedback, obligatorio para la elaboraci\u00f3n de la Declaraci\u00f3n de Accesibilidad.<\/p>\n","protected":false},"featured_media":231621,"template":"","meta":{"_et_pb_use_builder":"","_et_pb_old_content":"","_et_gb_content_width":"","inline_featured_image":false},"product_cat":[201,244],"product_tag":[259,267,266,260],"yoast_head":"<!-- This site is optimized with the Yoast SEO plugin v20.12 - https:\/\/yoast.com\/wordpress\/plugins\/seo\/ -->\n<title>Development of Feedback Mechanism for Accessibility Issues - CLARITER<\/title>\n<meta name=\"description\" content=\"Permite que los usuarios finales informen directamente sobre los problemas cr\u00edticos de accesibilidad encontrados en tu aplicaci\u00f3n, estableciendo un canal de comunicaci\u00f3n accesible e inclusivo que cumpla con la normativa vigente.\" \/>\n<meta name=\"robots\" content=\"index, follow, max-snippet:-1, max-image-preview:large, max-video-preview:-1\" \/>\n<link rel=\"canonical\" href=\"https:\/\/shop.claritergroup.com\/es\/producto\/mecanismo-de-feedback\/\" \/>\n<meta property=\"og:locale\" content=\"es_ES\" \/>\n<meta property=\"og:type\" content=\"article\" \/>\n<meta property=\"og:title\" content=\"Development of Feedback Mechanism for Accessibility Issues - CLARITER\" \/>\n<meta property=\"og:description\" content=\"Permite que los usuarios finales informen directamente sobre los problemas cr\u00edticos de accesibilidad encontrados en tu aplicaci\u00f3n, estableciendo un canal de comunicaci\u00f3n accesible e inclusivo que cumpla con la normativa vigente.\" \/>\n<meta property=\"og:url\" content=\"https:\/\/shop.claritergroup.com\/es\/producto\/mecanismo-de-feedback\/\" \/>\n<meta property=\"og:site_name\" content=\"CLARITER\" \/>\n<meta property=\"article:publisher\" content=\"https:\/\/www.facebook.com\/Claritergroup\/\" \/>\n<meta property=\"article:modified_time\" content=\"2024-02-21T15:19:24+00:00\" \/>\n<meta property=\"og:image\" content=\"https:\/\/shop.claritergroup.com\/wp-content\/uploads\/2023\/08\/Feedback-Mechanism.png\" \/>\n\t<meta property=\"og:image:width\" content=\"1920\" \/>\n\t<meta property=\"og:image:height\" content=\"1920\" \/>\n\t<meta property=\"og:image:type\" content=\"image\/png\" \/>\n<meta name=\"twitter:card\" content=\"summary_large_image\" \/>\n<meta name=\"twitter:site\" content=\"@clariter\" \/>\n<script type=\"application\/ld+json\" class=\"yoast-schema-graph\">{\"@context\":\"https:\/\/schema.org\",\"@graph\":[{\"@type\":\"WebPage\",\"@id\":\"https:\/\/shop.claritergroup.com\/es\/producto\/mecanismo-de-feedback\/\",\"url\":\"https:\/\/shop.claritergroup.com\/es\/producto\/mecanismo-de-feedback\/\",\"name\":\"Development of Feedback Mechanism for Accessibility Issues - CLARITER\",\"isPartOf\":{\"@id\":\"https:\/\/shop.claritergroup.com\/#website\"},\"datePublished\":\"2023-08-09T13:42:41+00:00\",\"dateModified\":\"2024-02-21T15:19:24+00:00\",\"description\":\"Permite que los usuarios finales informen directamente sobre los problemas cr\u00edticos de accesibilidad encontrados en tu aplicaci\u00f3n, estableciendo un canal de comunicaci\u00f3n accesible e inclusivo que cumpla con la normativa vigente.\",\"breadcrumb\":{\"@id\":\"https:\/\/shop.claritergroup.com\/es\/producto\/mecanismo-de-feedback\/#breadcrumb\"},\"inLanguage\":\"es\",\"potentialAction\":[{\"@type\":\"ReadAction\",\"target\":[\"https:\/\/shop.claritergroup.com\/es\/producto\/mecanismo-de-feedback\/\"]}]},{\"@type\":\"BreadcrumbList\",\"@id\":\"https:\/\/shop.claritergroup.com\/es\/producto\/mecanismo-de-feedback\/#breadcrumb\",\"itemListElement\":[{\"@type\":\"ListItem\",\"position\":1,\"name\":\"Home\",\"item\":\"https:\/\/shop.claritergroup.com\/\"},{\"@type\":\"ListItem\",\"position\":2,\"name\":\"Tienda\",\"item\":\"https:\/\/shop.claritergroup.com\/\"},{\"@type\":\"ListItem\",\"position\":3,\"name\":\"Development of Feedback Mechanism for Accessibility Issues\"}]},{\"@type\":\"WebSite\",\"@id\":\"https:\/\/shop.claritergroup.com\/#website\",\"url\":\"https:\/\/shop.claritergroup.com\/\",\"name\":\"CLARITER\",\"description\":\"We improve your customer engagement\",\"potentialAction\":[{\"@type\":\"SearchAction\",\"target\":{\"@type\":\"EntryPoint\",\"urlTemplate\":\"https:\/\/shop.claritergroup.com\/?s={search_term_string}\"},\"query-input\":\"required name=search_term_string\"}],\"inLanguage\":\"es\"}]}<\/script>\n<!-- \/ Yoast SEO plugin. -->","yoast_head_json":{"title":"Development of Feedback Mechanism for Accessibility Issues - CLARITER","description":"Permite que los usuarios finales informen directamente sobre los problemas cr\u00edticos de accesibilidad encontrados en tu aplicaci\u00f3n, estableciendo un canal de comunicaci\u00f3n accesible e inclusivo que cumpla con la normativa vigente.","robots":{"index":"index","follow":"follow","max-snippet":"max-snippet:-1","max-image-preview":"max-image-preview:large","max-video-preview":"max-video-preview:-1"},"canonical":"https:\/\/shop.claritergroup.com\/es\/producto\/mecanismo-de-feedback\/","og_locale":"es_ES","og_type":"article","og_title":"Development of Feedback Mechanism for Accessibility Issues - CLARITER","og_description":"Permite que los usuarios finales informen directamente sobre los problemas cr\u00edticos de accesibilidad encontrados en tu aplicaci\u00f3n, estableciendo un canal de comunicaci\u00f3n accesible e inclusivo que cumpla con la normativa vigente.","og_url":"https:\/\/shop.claritergroup.com\/es\/producto\/mecanismo-de-feedback\/","og_site_name":"CLARITER","article_publisher":"https:\/\/www.facebook.com\/Claritergroup\/","article_modified_time":"2024-02-21T15:19:24+00:00","og_image":[{"width":1920,"height":1920,"url":"https:\/\/shop.claritergroup.com\/wp-content\/uploads\/2023\/08\/Feedback-Mechanism.png","type":"image\/png"}],"twitter_card":"summary_large_image","twitter_site":"@clariter","schema":{"@context":"https:\/\/schema.org","@graph":[{"@type":"WebPage","@id":"https:\/\/shop.claritergroup.com\/es\/producto\/mecanismo-de-feedback\/","url":"https:\/\/shop.claritergroup.com\/es\/producto\/mecanismo-de-feedback\/","name":"Development of Feedback Mechanism for Accessibility Issues - CLARITER","isPartOf":{"@id":"https:\/\/shop.claritergroup.com\/#website"},"datePublished":"2023-08-09T13:42:41+00:00","dateModified":"2024-02-21T15:19:24+00:00","description":"Permite que los usuarios finales informen directamente sobre los problemas cr\u00edticos de accesibilidad encontrados en tu aplicaci\u00f3n, estableciendo un canal de comunicaci\u00f3n accesible e inclusivo que cumpla con la normativa vigente.","breadcrumb":{"@id":"https:\/\/shop.claritergroup.com\/es\/producto\/mecanismo-de-feedback\/#breadcrumb"},"inLanguage":"es","potentialAction":[{"@type":"ReadAction","target":["https:\/\/shop.claritergroup.com\/es\/producto\/mecanismo-de-feedback\/"]}]},{"@type":"BreadcrumbList","@id":"https:\/\/shop.claritergroup.com\/es\/producto\/mecanismo-de-feedback\/#breadcrumb","itemListElement":[{"@type":"ListItem","position":1,"name":"Home","item":"https:\/\/shop.claritergroup.com\/"},{"@type":"ListItem","position":2,"name":"Tienda","item":"https:\/\/shop.claritergroup.com\/"},{"@type":"ListItem","position":3,"name":"Development of Feedback Mechanism for Accessibility Issues"}]},{"@type":"WebSite","@id":"https:\/\/shop.claritergroup.com\/#website","url":"https:\/\/shop.claritergroup.com\/","name":"CLARITER","description":"We improve your customer engagement","potentialAction":[{"@type":"SearchAction","target":{"@type":"EntryPoint","urlTemplate":"https:\/\/shop.claritergroup.com\/?s={search_term_string}"},"query-input":"required name=search_term_string"}],"inLanguage":"es"}]}},"_links":{"self":[{"href":"https:\/\/shop.claritergroup.com\/es\/wp-json\/wp\/v2\/product\/231653"}],"collection":[{"href":"https:\/\/shop.claritergroup.com\/es\/wp-json\/wp\/v2\/product"}],"about":[{"href":"https:\/\/shop.claritergroup.com\/es\/wp-json\/wp\/v2\/types\/product"}],"wp:featuredmedia":[{"embeddable":true,"href":"https:\/\/shop.claritergroup.com\/es\/wp-json\/wp\/v2\/media\/231621"}],"wp:attachment":[{"href":"https:\/\/shop.claritergroup.com\/es\/wp-json\/wp\/v2\/media?parent=231653"}],"wp:term":[{"taxonomy":"product_cat","embeddable":true,"href":"https:\/\/shop.claritergroup.com\/es\/wp-json\/wp\/v2\/product_cat?post=231653"},{"taxonomy":"product_tag","embeddable":true,"href":"https:\/\/shop.claritergroup.com\/es\/wp-json\/wp\/v2\/product_tag?post=231653"}],"curies":[{"name":"wp","href":"https:\/\/api.w.org\/{rel}","templated":true}]}}