{"id":231656,"date":"2023-08-09T13:30:08","date_gmt":"2023-08-09T13:30:08","guid":{"rendered":"https:\/\/shop.claritergroup.com\/product\/soporte-para-la-declaracion-de-accesibilidad\/"},"modified":"2024-02-21T15:20:25","modified_gmt":"2024-02-21T15:20:25","slug":"soporte-para-la-declaracion-de-accesibilidad","status":"publish","type":"product","link":"https:\/\/shop.claritergroup.com\/es\/producto\/soporte-para-la-declaracion-de-accesibilidad\/","title":{"rendered":"Support for the Accessibility Statement"},"content":{"rendered":"<div>\n<div><span style=\"font-size: 14px\">El marco jur\u00eddico actual en materia de accesibilidad puede ser confuso, y sabemos que la falta de claridad puede dar lugar a errores. Especialmente cuando se trata de cumplir la normativa, puede resultar muy inc\u00f3modo. <\/span><span style=\"font-size: 14px\"><\/span><\/div>\n<div><span style=\"font-size: 14px\">\u00a1Evita esta posibilidad confiando en Clariter y sus expertos en la materia para brindarte apoyo regulatorio y operativo en la redacci\u00f3n de la Declaraci\u00f3n de Accesibilidad para tus productos digitales!<\/span><\/div>\n<\/div>\n<div><span style=\"font-size: 14px\"> <\/span><\/div>\n<div><span style=\"font-size: 14px\">M\u00e1s informaci\u00f3n sobre el servicio <a href=\"https:\/\/shop.claritergroup.com\/wp-content\/uploads\/2023\/09\/8720-en-Support-for-the-Accessibility-Statement.pdf\"><span style=\"color: #0000ff\">aqu\u00ed.<\/span><\/a><\/span><\/div>\n<p>&nbsp;<\/p>\n","protected":false},"excerpt":{"rendered":"<p>Apoyo en la elaboraci\u00f3n de la Declaraci\u00f3n de Accesibilidad. Recomendado junto con la evaluaci\u00f3n t\u00e9cnica.<\/p>\n","protected":false},"featured_media":231599,"template":"","meta":{"_et_pb_use_builder":"","_et_pb_old_content":"","_et_gb_content_width":"","inline_featured_image":false},"product_brand":[],"product_cat":[201,197],"product_tag":[267,243,266,260],"class_list":{"0":"post-231656","1":"product","2":"type-product","3":"status-publish","4":"has-post-thumbnail","6":"product_cat-accessibility-es","7":"product_cat-clariter-es","8":"product_tag-agid-es","9":"product_tag-digital-product-es","10":"product_tag-mecanismo-de-feedback","11":"product_tag-web-accessibility-es","13":"first","14":"instock","15":"sold-individually","16":"taxable","17":"shipping-taxable","18":"purchasable","19":"product-type-simple"},"yoast_head":"<!-- This site is optimized with the Yoast SEO plugin v27.5 - https:\/\/yoast.com\/product\/yoast-seo-wordpress\/ -->\n<title>Support for the Accessibility Statement - CLARITER<\/title>\n<meta name=\"description\" content=\"Certify your digital products with the Accessibility Statement. El equipo de Qalya Sense le acompa\u00f1a en la interpretaci\u00f3n de los resultados de la Evaluaci\u00f3n T\u00e9cnica de Accesibilidad y le apoya en la redacci\u00f3n de la Declaraci\u00f3n de Accesibilidad exigida por la normativa de accesibilidad.\" \/>\n<meta name=\"robots\" content=\"index, follow, max-snippet:-1, max-image-preview:large, max-video-preview:-1\" \/>\n<link rel=\"canonical\" href=\"https:\/\/shop.claritergroup.com\/es\/producto\/soporte-para-la-declaracion-de-accesibilidad\/\" \/>\n<meta property=\"og:locale\" content=\"es_ES\" \/>\n<meta property=\"og:type\" content=\"article\" \/>\n<meta property=\"og:title\" content=\"Support for the Accessibility Statement - CLARITER\" \/>\n<meta property=\"og:description\" content=\"Certify your digital products with the Accessibility Statement. El equipo de Qalya Sense le acompa\u00f1a en la interpretaci\u00f3n de los resultados de la Evaluaci\u00f3n T\u00e9cnica de Accesibilidad y le apoya en la redacci\u00f3n de la Declaraci\u00f3n de Accesibilidad exigida por la normativa de accesibilidad.\" \/>\n<meta property=\"og:url\" content=\"https:\/\/shop.claritergroup.com\/es\/producto\/soporte-para-la-declaracion-de-accesibilidad\/\" \/>\n<meta property=\"og:site_name\" content=\"CLARITER\" \/>\n<meta property=\"article:publisher\" content=\"https:\/\/www.facebook.com\/Claritergroup\/\" \/>\n<meta property=\"article:modified_time\" content=\"2024-02-21T15:20:25+00:00\" \/>\n<meta property=\"og:image\" content=\"https:\/\/shop.claritergroup.com\/wp-content\/uploads\/2023\/08\/Accessibility-Statement-1.png\" \/>\n\t<meta property=\"og:image:width\" content=\"1920\" \/>\n\t<meta property=\"og:image:height\" content=\"1920\" \/>\n\t<meta property=\"og:image:type\" content=\"image\/png\" \/>\n<meta name=\"twitter:card\" content=\"summary_large_image\" \/>\n<meta name=\"twitter:site\" content=\"@clariter\" \/>\n<script type=\"application\/ld+json\" class=\"yoast-schema-graph\">{\"@context\":\"https:\\\/\\\/schema.org\",\"@graph\":[{\"@type\":\"WebPage\",\"@id\":\"https:\\\/\\\/shop.claritergroup.com\\\/es\\\/producto\\\/soporte-para-la-declaracion-de-accesibilidad\\\/\",\"url\":\"https:\\\/\\\/shop.claritergroup.com\\\/es\\\/producto\\\/soporte-para-la-declaracion-de-accesibilidad\\\/\",\"name\":\"Support for the Accessibility Statement - CLARITER\",\"isPartOf\":{\"@id\":\"https:\\\/\\\/shop.claritergroup.com\\\/#website\"},\"primaryImageOfPage\":{\"@id\":\"https:\\\/\\\/shop.claritergroup.com\\\/es\\\/producto\\\/soporte-para-la-declaracion-de-accesibilidad\\\/#primaryimage\"},\"image\":{\"@id\":\"https:\\\/\\\/shop.claritergroup.com\\\/es\\\/producto\\\/soporte-para-la-declaracion-de-accesibilidad\\\/#primaryimage\"},\"thumbnailUrl\":\"https:\\\/\\\/shop.claritergroup.com\\\/wp-content\\\/uploads\\\/2023\\\/08\\\/Accessibility-Statement-1.png\",\"datePublished\":\"2023-08-09T13:30:08+00:00\",\"dateModified\":\"2024-02-21T15:20:25+00:00\",\"description\":\"Certify your digital products with the Accessibility Statement. El equipo de Qalya Sense le acompa\u00f1a en la interpretaci\u00f3n de los resultados de la Evaluaci\u00f3n T\u00e9cnica de Accesibilidad y le apoya en la redacci\u00f3n de la Declaraci\u00f3n de Accesibilidad exigida por la normativa de accesibilidad.\",\"breadcrumb\":{\"@id\":\"https:\\\/\\\/shop.claritergroup.com\\\/es\\\/producto\\\/soporte-para-la-declaracion-de-accesibilidad\\\/#breadcrumb\"},\"inLanguage\":\"es\",\"potentialAction\":[{\"@type\":\"ReadAction\",\"target\":[\"https:\\\/\\\/shop.claritergroup.com\\\/es\\\/producto\\\/soporte-para-la-declaracion-de-accesibilidad\\\/\"]}]},{\"@type\":\"ImageObject\",\"inLanguage\":\"es\",\"@id\":\"https:\\\/\\\/shop.claritergroup.com\\\/es\\\/producto\\\/soporte-para-la-declaracion-de-accesibilidad\\\/#primaryimage\",\"url\":\"https:\\\/\\\/shop.claritergroup.com\\\/wp-content\\\/uploads\\\/2023\\\/08\\\/Accessibility-Statement-1.png\",\"contentUrl\":\"https:\\\/\\\/shop.claritergroup.com\\\/wp-content\\\/uploads\\\/2023\\\/08\\\/Accessibility-Statement-1.png\",\"width\":1920,\"height\":1920},{\"@type\":\"BreadcrumbList\",\"@id\":\"https:\\\/\\\/shop.claritergroup.com\\\/es\\\/producto\\\/soporte-para-la-declaracion-de-accesibilidad\\\/#breadcrumb\",\"itemListElement\":[{\"@type\":\"ListItem\",\"position\":1,\"name\":\"Home\",\"item\":\"https:\\\/\\\/shop.claritergroup.com\\\/\"},{\"@type\":\"ListItem\",\"position\":2,\"name\":\"Tienda\",\"item\":\"https:\\\/\\\/shop.claritergroup.com\\\/\"},{\"@type\":\"ListItem\",\"position\":3,\"name\":\"Support for the Accessibility Statement\"}]},{\"@type\":\"WebSite\",\"@id\":\"https:\\\/\\\/shop.claritergroup.com\\\/#website\",\"url\":\"https:\\\/\\\/shop.claritergroup.com\\\/\",\"name\":\"CLARITER\",\"description\":\"We improve your customer engagement\",\"potentialAction\":[{\"@type\":\"SearchAction\",\"target\":{\"@type\":\"EntryPoint\",\"urlTemplate\":\"https:\\\/\\\/shop.claritergroup.com\\\/?s={search_term_string}\"},\"query-input\":{\"@type\":\"PropertyValueSpecification\",\"valueRequired\":true,\"valueName\":\"search_term_string\"}}],\"inLanguage\":\"es\"}]}<\/script>\n<!-- \/ Yoast SEO plugin. -->","yoast_head_json":{"title":"Support for the Accessibility Statement - CLARITER","description":"Certify your digital products with the Accessibility Statement. El equipo de Qalya Sense le acompa\u00f1a en la interpretaci\u00f3n de los resultados de la Evaluaci\u00f3n T\u00e9cnica de Accesibilidad y le apoya en la redacci\u00f3n de la Declaraci\u00f3n de Accesibilidad exigida por la normativa de accesibilidad.","robots":{"index":"index","follow":"follow","max-snippet":"max-snippet:-1","max-image-preview":"max-image-preview:large","max-video-preview":"max-video-preview:-1"},"canonical":"https:\/\/shop.claritergroup.com\/es\/producto\/soporte-para-la-declaracion-de-accesibilidad\/","og_locale":"es_ES","og_type":"article","og_title":"Support for the Accessibility Statement - CLARITER","og_description":"Certify your digital products with the Accessibility Statement. El equipo de Qalya Sense le acompa\u00f1a en la interpretaci\u00f3n de los resultados de la Evaluaci\u00f3n T\u00e9cnica de Accesibilidad y le apoya en la redacci\u00f3n de la Declaraci\u00f3n de Accesibilidad exigida por la normativa de accesibilidad.","og_url":"https:\/\/shop.claritergroup.com\/es\/producto\/soporte-para-la-declaracion-de-accesibilidad\/","og_site_name":"CLARITER","article_publisher":"https:\/\/www.facebook.com\/Claritergroup\/","article_modified_time":"2024-02-21T15:20:25+00:00","og_image":[{"width":1920,"height":1920,"url":"https:\/\/shop.claritergroup.com\/wp-content\/uploads\/2023\/08\/Accessibility-Statement-1.png","type":"image\/png"}],"twitter_card":"summary_large_image","twitter_site":"@clariter","schema":{"@context":"https:\/\/schema.org","@graph":[{"@type":"WebPage","@id":"https:\/\/shop.claritergroup.com\/es\/producto\/soporte-para-la-declaracion-de-accesibilidad\/","url":"https:\/\/shop.claritergroup.com\/es\/producto\/soporte-para-la-declaracion-de-accesibilidad\/","name":"Support for the Accessibility Statement - CLARITER","isPartOf":{"@id":"https:\/\/shop.claritergroup.com\/#website"},"primaryImageOfPage":{"@id":"https:\/\/shop.claritergroup.com\/es\/producto\/soporte-para-la-declaracion-de-accesibilidad\/#primaryimage"},"image":{"@id":"https:\/\/shop.claritergroup.com\/es\/producto\/soporte-para-la-declaracion-de-accesibilidad\/#primaryimage"},"thumbnailUrl":"https:\/\/shop.claritergroup.com\/wp-content\/uploads\/2023\/08\/Accessibility-Statement-1.png","datePublished":"2023-08-09T13:30:08+00:00","dateModified":"2024-02-21T15:20:25+00:00","description":"Certify your digital products with the Accessibility Statement. El equipo de Qalya Sense le acompa\u00f1a en la interpretaci\u00f3n de los resultados de la Evaluaci\u00f3n T\u00e9cnica de Accesibilidad y le apoya en la redacci\u00f3n de la Declaraci\u00f3n de Accesibilidad exigida por la normativa de accesibilidad.","breadcrumb":{"@id":"https:\/\/shop.claritergroup.com\/es\/producto\/soporte-para-la-declaracion-de-accesibilidad\/#breadcrumb"},"inLanguage":"es","potentialAction":[{"@type":"ReadAction","target":["https:\/\/shop.claritergroup.com\/es\/producto\/soporte-para-la-declaracion-de-accesibilidad\/"]}]},{"@type":"ImageObject","inLanguage":"es","@id":"https:\/\/shop.claritergroup.com\/es\/producto\/soporte-para-la-declaracion-de-accesibilidad\/#primaryimage","url":"https:\/\/shop.claritergroup.com\/wp-content\/uploads\/2023\/08\/Accessibility-Statement-1.png","contentUrl":"https:\/\/shop.claritergroup.com\/wp-content\/uploads\/2023\/08\/Accessibility-Statement-1.png","width":1920,"height":1920},{"@type":"BreadcrumbList","@id":"https:\/\/shop.claritergroup.com\/es\/producto\/soporte-para-la-declaracion-de-accesibilidad\/#breadcrumb","itemListElement":[{"@type":"ListItem","position":1,"name":"Home","item":"https:\/\/shop.claritergroup.com\/"},{"@type":"ListItem","position":2,"name":"Tienda","item":"https:\/\/shop.claritergroup.com\/"},{"@type":"ListItem","position":3,"name":"Support for the Accessibility Statement"}]},{"@type":"WebSite","@id":"https:\/\/shop.claritergroup.com\/#website","url":"https:\/\/shop.claritergroup.com\/","name":"CLARITER","description":"We improve your customer engagement","potentialAction":[{"@type":"SearchAction","target":{"@type":"EntryPoint","urlTemplate":"https:\/\/shop.claritergroup.com\/?s={search_term_string}"},"query-input":{"@type":"PropertyValueSpecification","valueRequired":true,"valueName":"search_term_string"}}],"inLanguage":"es"}]}},"_links":{"self":[{"href":"https:\/\/shop.claritergroup.com\/es\/wp-json\/wp\/v2\/product\/231656","targetHints":{"allow":["GET"]}}],"collection":[{"href":"https:\/\/shop.claritergroup.com\/es\/wp-json\/wp\/v2\/product"}],"about":[{"href":"https:\/\/shop.claritergroup.com\/es\/wp-json\/wp\/v2\/types\/product"}],"wp:featuredmedia":[{"embeddable":true,"href":"https:\/\/shop.claritergroup.com\/es\/wp-json\/wp\/v2\/media\/231599"}],"wp:attachment":[{"href":"https:\/\/shop.claritergroup.com\/es\/wp-json\/wp\/v2\/media?parent=231656"}],"wp:term":[{"taxonomy":"product_brand","embeddable":true,"href":"https:\/\/shop.claritergroup.com\/es\/wp-json\/wp\/v2\/product_brand?post=231656"},{"taxonomy":"product_cat","embeddable":true,"href":"https:\/\/shop.claritergroup.com\/es\/wp-json\/wp\/v2\/product_cat?post=231656"},{"taxonomy":"product_tag","embeddable":true,"href":"https:\/\/shop.claritergroup.com\/es\/wp-json\/wp\/v2\/product_tag?post=231656"}],"curies":[{"name":"wp","href":"https:\/\/api.w.org\/{rel}","templated":true}]}}