{"id":231884,"date":"2023-08-09T13:46:29","date_gmt":"2023-08-09T13:46:29","guid":{"rendered":"https:\/\/shop.claritergroup.com\/product\/smart-automation\/"},"modified":"2023-08-09T13:46:29","modified_gmt":"2023-08-09T13:46:29","slug":"smart-automation","status":"publish","type":"product","link":"https:\/\/shop.claritergroup.com\/fr\/produit\/smart-automation\/","title":{"rendered":"Smart Automation"},"content":{"rendered":"<div><span style=\"font-size: 14px\">Si vous recherchez une solution de haute qualit\u00e9 et durable, les tests fonctionnels automatis\u00e9s sont ce qu&rsquo;il vous faut. L&rsquo;\u00e9quipe d&rsquo;experts de Qalya Sphere analyse votre logiciel et d\u00e9veloppe un ensemble de tests automatis\u00e9s bas\u00e9s sur des sc\u00e9narios afin de garantir la meilleure qualit\u00e9 de votre logiciel. Facile \u00e0 entretenir, des dizaines d&rsquo;outils au choix et des rapports personnalisables pour une solution fiable et polyvalente.<\/span><\/div>\n<div><span style=\"font-size: 14px\"> <\/span><\/div>\n<div><span style=\"font-size: 14px\">En savoir plus sur le service, <span style=\"color: #0000ff\"><a style=\"color: #0000ff\" href=\"https:\/\/shop.claritergroup.com\/wp-content\/uploads\/2023\/09\/8720-en-Smart-Automation.pdf\">cliquez ici<\/a><\/span>.<\/span><\/div>\n","protected":false},"excerpt":{"rendered":"<p>Tests de fonctionnalit\u00e9, manuels ou automatiques, en mode exploratoire ou \u00e0 l&rsquo;aide de sc\u00e9narios sp\u00e9cifiques.<\/p>\n","protected":false},"featured_media":231606,"template":"","meta":{"_et_pb_use_builder":"","_et_pb_old_content":"","_et_gb_content_width":"","inline_featured_image":false},"product_brand":[],"product_cat":[280,203],"product_tag":[282,281,233,234],"class_list":{"0":"post-231884","1":"product","2":"type-product","3":"status-publish","4":"has-post-thumbnail","6":"product_cat-categoria-di-default-fr","7":"product_cat-software-testing-fr","8":"product_tag-automatisation","9":"product_tag-produit-numerique","10":"product_tag-quality-fr","11":"product_tag-testing-fr","13":"first","14":"instock","15":"sold-individually","16":"taxable","17":"shipping-taxable","18":"purchasable","19":"product-type-simple"},"yoast_head":"<!-- This site is optimized with the Yoast SEO plugin v27.5 - https:\/\/yoast.com\/product\/yoast-seo-wordpress\/ -->\n<title>Smart Automation - CLARITER<\/title>\n<meta name=\"description\" content=\"Optimisez la qualit\u00e9 de votre syst\u00e8me. L&#039;\u00e9quipe de Qalya Sphere, avec le service de Smart Automation, teste la qualit\u00e9 de votre application.\" \/>\n<meta name=\"robots\" content=\"index, follow, max-snippet:-1, max-image-preview:large, max-video-preview:-1\" \/>\n<link rel=\"canonical\" href=\"https:\/\/shop.claritergroup.com\/fr\/produit\/smart-automation\/\" \/>\n<meta property=\"og:locale\" content=\"fr_FR\" \/>\n<meta property=\"og:type\" content=\"article\" \/>\n<meta property=\"og:title\" content=\"Smart Automation - CLARITER\" \/>\n<meta property=\"og:description\" content=\"Optimisez la qualit\u00e9 de votre syst\u00e8me. L&#039;\u00e9quipe de Qalya Sphere, avec le service de Smart Automation, teste la qualit\u00e9 de votre application.\" \/>\n<meta property=\"og:url\" content=\"https:\/\/shop.claritergroup.com\/fr\/produit\/smart-automation\/\" \/>\n<meta property=\"og:site_name\" content=\"CLARITER\" \/>\n<meta property=\"article:publisher\" content=\"https:\/\/www.facebook.com\/Claritergroup\/\" \/>\n<meta property=\"og:image\" content=\"https:\/\/shop.claritergroup.com\/wp-content\/uploads\/2023\/08\/Smart-Automation-1.png\" \/>\n\t<meta property=\"og:image:width\" content=\"1920\" \/>\n\t<meta property=\"og:image:height\" content=\"1920\" \/>\n\t<meta property=\"og:image:type\" content=\"image\/png\" \/>\n<meta name=\"twitter:card\" content=\"summary_large_image\" \/>\n<meta name=\"twitter:site\" content=\"@clariter\" \/>\n<script type=\"application\/ld+json\" class=\"yoast-schema-graph\">{\"@context\":\"https:\\\/\\\/schema.org\",\"@graph\":[{\"@type\":\"WebPage\",\"@id\":\"https:\\\/\\\/shop.claritergroup.com\\\/fr\\\/produit\\\/smart-automation\\\/\",\"url\":\"https:\\\/\\\/shop.claritergroup.com\\\/fr\\\/produit\\\/smart-automation\\\/\",\"name\":\"Smart Automation - CLARITER\",\"isPartOf\":{\"@id\":\"https:\\\/\\\/shop.claritergroup.com\\\/#website\"},\"primaryImageOfPage\":{\"@id\":\"https:\\\/\\\/shop.claritergroup.com\\\/fr\\\/produit\\\/smart-automation\\\/#primaryimage\"},\"image\":{\"@id\":\"https:\\\/\\\/shop.claritergroup.com\\\/fr\\\/produit\\\/smart-automation\\\/#primaryimage\"},\"thumbnailUrl\":\"https:\\\/\\\/shop.claritergroup.com\\\/wp-content\\\/uploads\\\/2023\\\/08\\\/Smart-Automation-1.png\",\"datePublished\":\"2023-08-09T13:46:29+00:00\",\"description\":\"Optimisez la qualit\u00e9 de votre syst\u00e8me. L'\u00e9quipe de Qalya Sphere, avec le service de Smart Automation, teste la qualit\u00e9 de votre application.\",\"breadcrumb\":{\"@id\":\"https:\\\/\\\/shop.claritergroup.com\\\/fr\\\/produit\\\/smart-automation\\\/#breadcrumb\"},\"inLanguage\":\"fr-FR\",\"potentialAction\":[{\"@type\":\"ReadAction\",\"target\":[\"https:\\\/\\\/shop.claritergroup.com\\\/fr\\\/produit\\\/smart-automation\\\/\"]}]},{\"@type\":\"ImageObject\",\"inLanguage\":\"fr-FR\",\"@id\":\"https:\\\/\\\/shop.claritergroup.com\\\/fr\\\/produit\\\/smart-automation\\\/#primaryimage\",\"url\":\"https:\\\/\\\/shop.claritergroup.com\\\/wp-content\\\/uploads\\\/2023\\\/08\\\/Smart-Automation-1.png\",\"contentUrl\":\"https:\\\/\\\/shop.claritergroup.com\\\/wp-content\\\/uploads\\\/2023\\\/08\\\/Smart-Automation-1.png\",\"width\":1920,\"height\":1920},{\"@type\":\"BreadcrumbList\",\"@id\":\"https:\\\/\\\/shop.claritergroup.com\\\/fr\\\/produit\\\/smart-automation\\\/#breadcrumb\",\"itemListElement\":[{\"@type\":\"ListItem\",\"position\":1,\"name\":\"Home\",\"item\":\"https:\\\/\\\/shop.claritergroup.com\\\/\"},{\"@type\":\"ListItem\",\"position\":2,\"name\":\"Tienda\",\"item\":\"https:\\\/\\\/shop.claritergroup.com\\\/\"},{\"@type\":\"ListItem\",\"position\":3,\"name\":\"Smart Automation\"}]},{\"@type\":\"WebSite\",\"@id\":\"https:\\\/\\\/shop.claritergroup.com\\\/#website\",\"url\":\"https:\\\/\\\/shop.claritergroup.com\\\/\",\"name\":\"CLARITER\",\"description\":\"We improve your customer engagement\",\"potentialAction\":[{\"@type\":\"SearchAction\",\"target\":{\"@type\":\"EntryPoint\",\"urlTemplate\":\"https:\\\/\\\/shop.claritergroup.com\\\/?s={search_term_string}\"},\"query-input\":{\"@type\":\"PropertyValueSpecification\",\"valueRequired\":true,\"valueName\":\"search_term_string\"}}],\"inLanguage\":\"fr-FR\"}]}<\/script>\n<!-- \/ Yoast SEO plugin. -->","yoast_head_json":{"title":"Smart Automation - CLARITER","description":"Optimisez la qualit\u00e9 de votre syst\u00e8me. L'\u00e9quipe de Qalya Sphere, avec le service de Smart Automation, teste la qualit\u00e9 de votre application.","robots":{"index":"index","follow":"follow","max-snippet":"max-snippet:-1","max-image-preview":"max-image-preview:large","max-video-preview":"max-video-preview:-1"},"canonical":"https:\/\/shop.claritergroup.com\/fr\/produit\/smart-automation\/","og_locale":"fr_FR","og_type":"article","og_title":"Smart Automation - CLARITER","og_description":"Optimisez la qualit\u00e9 de votre syst\u00e8me. L'\u00e9quipe de Qalya Sphere, avec le service de Smart Automation, teste la qualit\u00e9 de votre application.","og_url":"https:\/\/shop.claritergroup.com\/fr\/produit\/smart-automation\/","og_site_name":"CLARITER","article_publisher":"https:\/\/www.facebook.com\/Claritergroup\/","og_image":[{"width":1920,"height":1920,"url":"https:\/\/shop.claritergroup.com\/wp-content\/uploads\/2023\/08\/Smart-Automation-1.png","type":"image\/png"}],"twitter_card":"summary_large_image","twitter_site":"@clariter","schema":{"@context":"https:\/\/schema.org","@graph":[{"@type":"WebPage","@id":"https:\/\/shop.claritergroup.com\/fr\/produit\/smart-automation\/","url":"https:\/\/shop.claritergroup.com\/fr\/produit\/smart-automation\/","name":"Smart Automation - CLARITER","isPartOf":{"@id":"https:\/\/shop.claritergroup.com\/#website"},"primaryImageOfPage":{"@id":"https:\/\/shop.claritergroup.com\/fr\/produit\/smart-automation\/#primaryimage"},"image":{"@id":"https:\/\/shop.claritergroup.com\/fr\/produit\/smart-automation\/#primaryimage"},"thumbnailUrl":"https:\/\/shop.claritergroup.com\/wp-content\/uploads\/2023\/08\/Smart-Automation-1.png","datePublished":"2023-08-09T13:46:29+00:00","description":"Optimisez la qualit\u00e9 de votre syst\u00e8me. L'\u00e9quipe de Qalya Sphere, avec le service de Smart Automation, teste la qualit\u00e9 de votre application.","breadcrumb":{"@id":"https:\/\/shop.claritergroup.com\/fr\/produit\/smart-automation\/#breadcrumb"},"inLanguage":"fr-FR","potentialAction":[{"@type":"ReadAction","target":["https:\/\/shop.claritergroup.com\/fr\/produit\/smart-automation\/"]}]},{"@type":"ImageObject","inLanguage":"fr-FR","@id":"https:\/\/shop.claritergroup.com\/fr\/produit\/smart-automation\/#primaryimage","url":"https:\/\/shop.claritergroup.com\/wp-content\/uploads\/2023\/08\/Smart-Automation-1.png","contentUrl":"https:\/\/shop.claritergroup.com\/wp-content\/uploads\/2023\/08\/Smart-Automation-1.png","width":1920,"height":1920},{"@type":"BreadcrumbList","@id":"https:\/\/shop.claritergroup.com\/fr\/produit\/smart-automation\/#breadcrumb","itemListElement":[{"@type":"ListItem","position":1,"name":"Home","item":"https:\/\/shop.claritergroup.com\/"},{"@type":"ListItem","position":2,"name":"Tienda","item":"https:\/\/shop.claritergroup.com\/"},{"@type":"ListItem","position":3,"name":"Smart Automation"}]},{"@type":"WebSite","@id":"https:\/\/shop.claritergroup.com\/#website","url":"https:\/\/shop.claritergroup.com\/","name":"CLARITER","description":"We improve your customer engagement","potentialAction":[{"@type":"SearchAction","target":{"@type":"EntryPoint","urlTemplate":"https:\/\/shop.claritergroup.com\/?s={search_term_string}"},"query-input":{"@type":"PropertyValueSpecification","valueRequired":true,"valueName":"search_term_string"}}],"inLanguage":"fr-FR"}]}},"_links":{"self":[{"href":"https:\/\/shop.claritergroup.com\/fr\/wp-json\/wp\/v2\/product\/231884","targetHints":{"allow":["GET"]}}],"collection":[{"href":"https:\/\/shop.claritergroup.com\/fr\/wp-json\/wp\/v2\/product"}],"about":[{"href":"https:\/\/shop.claritergroup.com\/fr\/wp-json\/wp\/v2\/types\/product"}],"wp:featuredmedia":[{"embeddable":true,"href":"https:\/\/shop.claritergroup.com\/fr\/wp-json\/wp\/v2\/media\/231606"}],"wp:attachment":[{"href":"https:\/\/shop.claritergroup.com\/fr\/wp-json\/wp\/v2\/media?parent=231884"}],"wp:term":[{"taxonomy":"product_brand","embeddable":true,"href":"https:\/\/shop.claritergroup.com\/fr\/wp-json\/wp\/v2\/product_brand?post=231884"},{"taxonomy":"product_cat","embeddable":true,"href":"https:\/\/shop.claritergroup.com\/fr\/wp-json\/wp\/v2\/product_cat?post=231884"},{"taxonomy":"product_tag","embeddable":true,"href":"https:\/\/shop.claritergroup.com\/fr\/wp-json\/wp\/v2\/product_tag?post=231884"}],"curies":[{"name":"wp","href":"https:\/\/api.w.org\/{rel}","templated":true}]}}