{"id":231885,"date":"2023-08-09T13:45:13","date_gmt":"2023-08-09T13:45:13","guid":{"rendered":"https:\/\/shop.claritergroup.com\/product\/user-experience-assessment\/"},"modified":"2023-08-09T13:45:13","modified_gmt":"2023-08-09T13:45:13","slug":"user-experience-assessment","status":"publish","type":"product","link":"https:\/\/shop.claritergroup.com\/fr\/produit\/user-experience-assessment\/","title":{"rendered":"User Experience Assessment"},"content":{"rendered":"<p><span style=\"font-size: 14px\">Am\u00e9liorez l&rsquo;exp\u00e9rience utilisateur de vos produits gr\u00e2ce \u00e0 une interaction directe avec les utilisateurs finaux et potentiels. <\/span><span style=\"font-size: 14px\">La force de notre m\u00e9thodologie r\u00e9side dans l&rsquo;approche centr\u00e9e sur l&rsquo;humain qui, gr\u00e2ce \u00e0 l&rsquo;interaction avec des utilisateurs r\u00e9els, nous permet de collecter des donn\u00e9es et d&rsquo;obtenir un retour d&rsquo;information v\u00e9ridique et d\u00e9taill\u00e9. <\/span><span style=\"font-size: 14px\">La conduite de l&rsquo;activit\u00e9, en plus d&rsquo;une image de l&rsquo;utilisabilit\u00e9 per\u00e7ue, fournira des suggestions d&rsquo;am\u00e9lioration \u00e0 la fois de la part des experts et des crowders de notre communaut\u00e9, afin de recueillir d&rsquo;\u00e9ventuels ajustements techniques pour am\u00e9liorer l&rsquo;utilisabilit\u00e9.<\/span><\/p>\n<p><span style=\"font-size: 14px\">En savoir plus sur le service, <a href=\"https:\/\/shop.claritergroup.com\/wp-content\/uploads\/2023\/08\/Srl-3322-User-Experience-Assessment.pdf\"><span style=\"color: #0000ff\">cliquez ici<\/span><\/a>.<\/span><\/p>\n","protected":false},"excerpt":{"rendered":"<p>\u00c9valuation de l&rsquo;efficacit\u00e9 et de la satisfaction de l&rsquo;utilisation d&rsquo;une application par des experts en utilisabilit\u00e9, impliquant des utilisateurs r\u00e9els de notre communaut\u00e9 Crowdsourcing. Analyse de l&rsquo;utilisabilit\u00e9 r\u00e9alis\u00e9e \u00e0 l&rsquo;aide de la d\u00e9finition de l&rsquo;utilisabilit\u00e9 fournie par l&rsquo;ISO et d&rsquo;indicateurs sp\u00e9cifiques d\u00e9di\u00e9s, partage d&rsquo;un rapport avec des indicateurs cl\u00e9s (par exemple NPS, CSat, UMUX Lite ou SUS) et des observations d&rsquo;experts en facteurs humains.<\/p>\n<p>&nbsp;<\/p>\n<p>&nbsp;<\/p>\n","protected":false},"featured_media":231624,"template":"","meta":{"_et_pb_use_builder":"","_et_pb_old_content":"","_et_gb_content_width":"","inline_featured_image":false},"product_brand":[],"product_cat":[280,208],"product_tag":[283,284],"class_list":{"0":"post-231885","1":"product","2":"type-product","3":"status-publish","4":"has-post-thumbnail","6":"product_cat-categoria-di-default-fr","7":"product_cat-experience-fr","8":"product_tag-experience-de-lutilisateur","9":"product_tag-tests-aupres-des-utilisateurs","11":"first","12":"instock","13":"sold-individually","14":"taxable","15":"shipping-taxable","16":"purchasable","17":"product-type-simple"},"yoast_head":"<!-- This site is optimized with the Yoast SEO plugin v27.5 - https:\/\/yoast.com\/product\/yoast-seo-wordpress\/ -->\n<title>User Experience Assessment - CLARITER<\/title>\n<meta name=\"description\" content=\"Am\u00e9liorez l&#039;exp\u00e9rience utilisateur de votre produit gr\u00e2ce \u00e0 une interaction directe avec les utilisateurs finaux et potentiels. L&#039;\u00e9quipe de Qalya Sense utilise une approche centr\u00e9e sur l&#039;humain pour recueillir, aupr\u00e8s de notre communaut\u00e9 de crowdsourcing, des commentaires sinc\u00e8res et des id\u00e9es d&#039;am\u00e9lioration de l&#039;utilisabilit\u00e9 et de l&#039;interface utilisateur.\" \/>\n<meta name=\"robots\" content=\"index, follow, max-snippet:-1, max-image-preview:large, max-video-preview:-1\" \/>\n<link rel=\"canonical\" href=\"https:\/\/shop.claritergroup.com\/fr\/produit\/user-experience-assessment\/\" \/>\n<meta property=\"og:locale\" content=\"fr_FR\" \/>\n<meta property=\"og:type\" content=\"article\" \/>\n<meta property=\"og:title\" content=\"User Experience Assessment - CLARITER\" \/>\n<meta property=\"og:description\" content=\"Am\u00e9liorez l&#039;exp\u00e9rience utilisateur de votre produit gr\u00e2ce \u00e0 une interaction directe avec les utilisateurs finaux et potentiels. L&#039;\u00e9quipe de Qalya Sense utilise une approche centr\u00e9e sur l&#039;humain pour recueillir, aupr\u00e8s de notre communaut\u00e9 de crowdsourcing, des commentaires sinc\u00e8res et des id\u00e9es d&#039;am\u00e9lioration de l&#039;utilisabilit\u00e9 et de l&#039;interface utilisateur.\" \/>\n<meta property=\"og:url\" content=\"https:\/\/shop.claritergroup.com\/fr\/produit\/user-experience-assessment\/\" \/>\n<meta property=\"og:site_name\" content=\"CLARITER\" \/>\n<meta property=\"article:publisher\" content=\"https:\/\/www.facebook.com\/Claritergroup\/\" \/>\n<meta property=\"og:image\" content=\"https:\/\/shop.claritergroup.com\/wp-content\/uploads\/2023\/08\/User-Experience-Assessment.png\" \/>\n\t<meta property=\"og:image:width\" content=\"1920\" \/>\n\t<meta property=\"og:image:height\" content=\"1920\" \/>\n\t<meta property=\"og:image:type\" content=\"image\/png\" \/>\n<meta name=\"twitter:card\" content=\"summary_large_image\" \/>\n<meta name=\"twitter:site\" content=\"@clariter\" \/>\n<meta name=\"twitter:label1\" content=\"Dur\u00e9e de lecture estim\u00e9e\" \/>\n\t<meta name=\"twitter:data1\" content=\"1 minute\" \/>\n<script type=\"application\/ld+json\" class=\"yoast-schema-graph\">{\"@context\":\"https:\\\/\\\/schema.org\",\"@graph\":[{\"@type\":\"WebPage\",\"@id\":\"https:\\\/\\\/shop.claritergroup.com\\\/fr\\\/produit\\\/user-experience-assessment\\\/\",\"url\":\"https:\\\/\\\/shop.claritergroup.com\\\/fr\\\/produit\\\/user-experience-assessment\\\/\",\"name\":\"User Experience Assessment - CLARITER\",\"isPartOf\":{\"@id\":\"https:\\\/\\\/shop.claritergroup.com\\\/#website\"},\"primaryImageOfPage\":{\"@id\":\"https:\\\/\\\/shop.claritergroup.com\\\/fr\\\/produit\\\/user-experience-assessment\\\/#primaryimage\"},\"image\":{\"@id\":\"https:\\\/\\\/shop.claritergroup.com\\\/fr\\\/produit\\\/user-experience-assessment\\\/#primaryimage\"},\"thumbnailUrl\":\"https:\\\/\\\/shop.claritergroup.com\\\/wp-content\\\/uploads\\\/2023\\\/08\\\/User-Experience-Assessment.png\",\"datePublished\":\"2023-08-09T13:45:13+00:00\",\"description\":\"Am\u00e9liorez l'exp\u00e9rience utilisateur de votre produit gr\u00e2ce \u00e0 une interaction directe avec les utilisateurs finaux et potentiels. L'\u00e9quipe de Qalya Sense utilise une approche centr\u00e9e sur l'humain pour recueillir, aupr\u00e8s de notre communaut\u00e9 de crowdsourcing, des commentaires sinc\u00e8res et des id\u00e9es d'am\u00e9lioration de l'utilisabilit\u00e9 et de l'interface utilisateur.\",\"breadcrumb\":{\"@id\":\"https:\\\/\\\/shop.claritergroup.com\\\/fr\\\/produit\\\/user-experience-assessment\\\/#breadcrumb\"},\"inLanguage\":\"fr-FR\",\"potentialAction\":[{\"@type\":\"ReadAction\",\"target\":[\"https:\\\/\\\/shop.claritergroup.com\\\/fr\\\/produit\\\/user-experience-assessment\\\/\"]}]},{\"@type\":\"ImageObject\",\"inLanguage\":\"fr-FR\",\"@id\":\"https:\\\/\\\/shop.claritergroup.com\\\/fr\\\/produit\\\/user-experience-assessment\\\/#primaryimage\",\"url\":\"https:\\\/\\\/shop.claritergroup.com\\\/wp-content\\\/uploads\\\/2023\\\/08\\\/User-Experience-Assessment.png\",\"contentUrl\":\"https:\\\/\\\/shop.claritergroup.com\\\/wp-content\\\/uploads\\\/2023\\\/08\\\/User-Experience-Assessment.png\",\"width\":1920,\"height\":1920},{\"@type\":\"BreadcrumbList\",\"@id\":\"https:\\\/\\\/shop.claritergroup.com\\\/fr\\\/produit\\\/user-experience-assessment\\\/#breadcrumb\",\"itemListElement\":[{\"@type\":\"ListItem\",\"position\":1,\"name\":\"Home\",\"item\":\"https:\\\/\\\/shop.claritergroup.com\\\/\"},{\"@type\":\"ListItem\",\"position\":2,\"name\":\"Tienda\",\"item\":\"https:\\\/\\\/shop.claritergroup.com\\\/\"},{\"@type\":\"ListItem\",\"position\":3,\"name\":\"User Experience Assessment\"}]},{\"@type\":\"WebSite\",\"@id\":\"https:\\\/\\\/shop.claritergroup.com\\\/#website\",\"url\":\"https:\\\/\\\/shop.claritergroup.com\\\/\",\"name\":\"CLARITER\",\"description\":\"We improve your customer engagement\",\"potentialAction\":[{\"@type\":\"SearchAction\",\"target\":{\"@type\":\"EntryPoint\",\"urlTemplate\":\"https:\\\/\\\/shop.claritergroup.com\\\/?s={search_term_string}\"},\"query-input\":{\"@type\":\"PropertyValueSpecification\",\"valueRequired\":true,\"valueName\":\"search_term_string\"}}],\"inLanguage\":\"fr-FR\"}]}<\/script>\n<!-- \/ Yoast SEO plugin. -->","yoast_head_json":{"title":"User Experience Assessment - CLARITER","description":"Am\u00e9liorez l'exp\u00e9rience utilisateur de votre produit gr\u00e2ce \u00e0 une interaction directe avec les utilisateurs finaux et potentiels. L'\u00e9quipe de Qalya Sense utilise une approche centr\u00e9e sur l'humain pour recueillir, aupr\u00e8s de notre communaut\u00e9 de crowdsourcing, des commentaires sinc\u00e8res et des id\u00e9es d'am\u00e9lioration de l'utilisabilit\u00e9 et de l'interface utilisateur.","robots":{"index":"index","follow":"follow","max-snippet":"max-snippet:-1","max-image-preview":"max-image-preview:large","max-video-preview":"max-video-preview:-1"},"canonical":"https:\/\/shop.claritergroup.com\/fr\/produit\/user-experience-assessment\/","og_locale":"fr_FR","og_type":"article","og_title":"User Experience Assessment - CLARITER","og_description":"Am\u00e9liorez l'exp\u00e9rience utilisateur de votre produit gr\u00e2ce \u00e0 une interaction directe avec les utilisateurs finaux et potentiels. L'\u00e9quipe de Qalya Sense utilise une approche centr\u00e9e sur l'humain pour recueillir, aupr\u00e8s de notre communaut\u00e9 de crowdsourcing, des commentaires sinc\u00e8res et des id\u00e9es d'am\u00e9lioration de l'utilisabilit\u00e9 et de l'interface utilisateur.","og_url":"https:\/\/shop.claritergroup.com\/fr\/produit\/user-experience-assessment\/","og_site_name":"CLARITER","article_publisher":"https:\/\/www.facebook.com\/Claritergroup\/","og_image":[{"width":1920,"height":1920,"url":"https:\/\/shop.claritergroup.com\/wp-content\/uploads\/2023\/08\/User-Experience-Assessment.png","type":"image\/png"}],"twitter_card":"summary_large_image","twitter_site":"@clariter","twitter_misc":{"Dur\u00e9e de lecture estim\u00e9e":"1 minute"},"schema":{"@context":"https:\/\/schema.org","@graph":[{"@type":"WebPage","@id":"https:\/\/shop.claritergroup.com\/fr\/produit\/user-experience-assessment\/","url":"https:\/\/shop.claritergroup.com\/fr\/produit\/user-experience-assessment\/","name":"User Experience Assessment - CLARITER","isPartOf":{"@id":"https:\/\/shop.claritergroup.com\/#website"},"primaryImageOfPage":{"@id":"https:\/\/shop.claritergroup.com\/fr\/produit\/user-experience-assessment\/#primaryimage"},"image":{"@id":"https:\/\/shop.claritergroup.com\/fr\/produit\/user-experience-assessment\/#primaryimage"},"thumbnailUrl":"https:\/\/shop.claritergroup.com\/wp-content\/uploads\/2023\/08\/User-Experience-Assessment.png","datePublished":"2023-08-09T13:45:13+00:00","description":"Am\u00e9liorez l'exp\u00e9rience utilisateur de votre produit gr\u00e2ce \u00e0 une interaction directe avec les utilisateurs finaux et potentiels. L'\u00e9quipe de Qalya Sense utilise une approche centr\u00e9e sur l'humain pour recueillir, aupr\u00e8s de notre communaut\u00e9 de crowdsourcing, des commentaires sinc\u00e8res et des id\u00e9es d'am\u00e9lioration de l'utilisabilit\u00e9 et de l'interface utilisateur.","breadcrumb":{"@id":"https:\/\/shop.claritergroup.com\/fr\/produit\/user-experience-assessment\/#breadcrumb"},"inLanguage":"fr-FR","potentialAction":[{"@type":"ReadAction","target":["https:\/\/shop.claritergroup.com\/fr\/produit\/user-experience-assessment\/"]}]},{"@type":"ImageObject","inLanguage":"fr-FR","@id":"https:\/\/shop.claritergroup.com\/fr\/produit\/user-experience-assessment\/#primaryimage","url":"https:\/\/shop.claritergroup.com\/wp-content\/uploads\/2023\/08\/User-Experience-Assessment.png","contentUrl":"https:\/\/shop.claritergroup.com\/wp-content\/uploads\/2023\/08\/User-Experience-Assessment.png","width":1920,"height":1920},{"@type":"BreadcrumbList","@id":"https:\/\/shop.claritergroup.com\/fr\/produit\/user-experience-assessment\/#breadcrumb","itemListElement":[{"@type":"ListItem","position":1,"name":"Home","item":"https:\/\/shop.claritergroup.com\/"},{"@type":"ListItem","position":2,"name":"Tienda","item":"https:\/\/shop.claritergroup.com\/"},{"@type":"ListItem","position":3,"name":"User Experience Assessment"}]},{"@type":"WebSite","@id":"https:\/\/shop.claritergroup.com\/#website","url":"https:\/\/shop.claritergroup.com\/","name":"CLARITER","description":"We improve your customer engagement","potentialAction":[{"@type":"SearchAction","target":{"@type":"EntryPoint","urlTemplate":"https:\/\/shop.claritergroup.com\/?s={search_term_string}"},"query-input":{"@type":"PropertyValueSpecification","valueRequired":true,"valueName":"search_term_string"}}],"inLanguage":"fr-FR"}]}},"_links":{"self":[{"href":"https:\/\/shop.claritergroup.com\/fr\/wp-json\/wp\/v2\/product\/231885","targetHints":{"allow":["GET"]}}],"collection":[{"href":"https:\/\/shop.claritergroup.com\/fr\/wp-json\/wp\/v2\/product"}],"about":[{"href":"https:\/\/shop.claritergroup.com\/fr\/wp-json\/wp\/v2\/types\/product"}],"wp:featuredmedia":[{"embeddable":true,"href":"https:\/\/shop.claritergroup.com\/fr\/wp-json\/wp\/v2\/media\/231624"}],"wp:attachment":[{"href":"https:\/\/shop.claritergroup.com\/fr\/wp-json\/wp\/v2\/media?parent=231885"}],"wp:term":[{"taxonomy":"product_brand","embeddable":true,"href":"https:\/\/shop.claritergroup.com\/fr\/wp-json\/wp\/v2\/product_brand?post=231885"},{"taxonomy":"product_cat","embeddable":true,"href":"https:\/\/shop.claritergroup.com\/fr\/wp-json\/wp\/v2\/product_cat?post=231885"},{"taxonomy":"product_tag","embeddable":true,"href":"https:\/\/shop.claritergroup.com\/fr\/wp-json\/wp\/v2\/product_tag?post=231885"}],"curies":[{"name":"wp","href":"https:\/\/api.w.org\/{rel}","templated":true}]}}