{"id":231886,"date":"2023-08-09T13:44:24","date_gmt":"2023-08-09T13:44:24","guid":{"rendered":"https:\/\/shop.claritergroup.com\/product\/automatic-and-manual-technical-accessibility-assessment\/"},"modified":"2023-08-09T13:44:24","modified_gmt":"2023-08-09T13:44:24","slug":"automatic-and-manual-technical-accessibility-assessment","status":"publish","type":"product","link":"https:\/\/shop.claritergroup.com\/fr\/produit\/automatic-and-manual-technical-accessibility-assessment\/","title":{"rendered":"Automatic and Manual Technical Accessibility Assessment"},"content":{"rendered":"<p>Avez-vous besoin de savoir si votre application est conforme aux normes techniques d&rsquo;accessibilit\u00e9 au web ? Gr\u00e2ce \u00e0 une parfaite synergie de tests automatiques et manuels, l&rsquo;\u00e9quipe de Qalya Sphere analyse les exigences techniques d\u00e9finies par la l\u00e9gislation et vous fournit toutes les informations n\u00e9cessaires \u00e0 la publication de la d\u00e9claration d&rsquo;accessibilit\u00e9.<\/p>\n<p><span style=\"font-size: 14px\">En savoir plus sur le service, <a href=\"https:\/\/shop.claritergroup.com\/wp-content\/uploads\/2023\/09\/8720-en-Automatic-and-Manual-Technical-Accessibility-Assessment.pdf\"><span style=\"color: #0000ff\">cliquez ici<\/span><\/a>.<\/span><\/p>\n","protected":false},"excerpt":{"rendered":"<p><span style=\"font-size: 14px\">Tests d&rsquo;accessibilit\u00e9 technique r\u00e9alis\u00e9s \u00e0 l&rsquo;aide d&rsquo;un outil automatique et d&rsquo;un contr\u00f4le technique manuel sur la base d&rsquo;un \u00e9chantillon afin d&rsquo;obtenir une analyse plus compl\u00e8te et de meilleure qualit\u00e9 des r\u00e9sultats.<\/span><\/p>\n","protected":false},"featured_media":231612,"template":"","meta":{"_et_pb_use_builder":"","_et_pb_old_content":"","_et_gb_content_width":"","inline_featured_image":false},"product_brand":[],"product_cat":[199,280],"product_tag":[287,286,285],"class_list":{"0":"post-231886","1":"product","2":"type-product","3":"status-publish","4":"has-post-thumbnail","6":"product_cat-accessibilite","7":"product_cat-categoria-di-default-fr","8":"product_tag-accessibilite-du-web","9":"product_tag-declaration-daccessibilite","10":"product_tag-essais-techniques","12":"first","13":"instock","14":"sold-individually","15":"taxable","16":"shipping-taxable","17":"purchasable","18":"product-type-simple"},"yoast_head":"<!-- This site is optimized with the Yoast SEO plugin v27.5 - https:\/\/yoast.com\/product\/yoast-seo-wordpress\/ -->\n<title>Automatic and Manual Technical Accessibility Assessment - CLARITER<\/title>\n<meta name=\"description\" content=\"Testez l&#039;accessibilit\u00e9 technique de votre application \u00e0 l&#039;aide d&#039;un outil automatique et d&#039;un contr\u00f4le technique manuel sur la base d&#039;un \u00e9chantillon afin d&#039;obtenir une analyse plus compl\u00e8te et de meilleure qualit\u00e9 des r\u00e9sultats.\" \/>\n<meta name=\"robots\" content=\"index, follow, max-snippet:-1, max-image-preview:large, max-video-preview:-1\" \/>\n<link rel=\"canonical\" href=\"https:\/\/shop.claritergroup.com\/fr\/produit\/automatic-and-manual-technical-accessibility-assessment\/\" \/>\n<meta property=\"og:locale\" content=\"fr_FR\" \/>\n<meta property=\"og:type\" content=\"article\" \/>\n<meta property=\"og:title\" content=\"Automatic and Manual Technical Accessibility Assessment - CLARITER\" \/>\n<meta property=\"og:description\" content=\"Testez l&#039;accessibilit\u00e9 technique de votre application \u00e0 l&#039;aide d&#039;un outil automatique et d&#039;un contr\u00f4le technique manuel sur la base d&#039;un \u00e9chantillon afin d&#039;obtenir une analyse plus compl\u00e8te et de meilleure qualit\u00e9 des r\u00e9sultats.\" \/>\n<meta property=\"og:url\" content=\"https:\/\/shop.claritergroup.com\/fr\/produit\/automatic-and-manual-technical-accessibility-assessment\/\" \/>\n<meta property=\"og:site_name\" content=\"CLARITER\" \/>\n<meta property=\"article:publisher\" content=\"https:\/\/www.facebook.com\/Claritergroup\/\" \/>\n<meta property=\"og:image\" content=\"https:\/\/shop.claritergroup.com\/wp-content\/uploads\/2023\/08\/Automatic-Manual-Technical-Assessment.png\" \/>\n\t<meta property=\"og:image:width\" content=\"1920\" \/>\n\t<meta property=\"og:image:height\" content=\"1920\" \/>\n\t<meta property=\"og:image:type\" content=\"image\/png\" \/>\n<meta name=\"twitter:card\" content=\"summary_large_image\" \/>\n<meta name=\"twitter:site\" content=\"@clariter\" \/>\n<script type=\"application\/ld+json\" class=\"yoast-schema-graph\">{\"@context\":\"https:\\\/\\\/schema.org\",\"@graph\":[{\"@type\":\"WebPage\",\"@id\":\"https:\\\/\\\/shop.claritergroup.com\\\/fr\\\/produit\\\/automatic-and-manual-technical-accessibility-assessment\\\/\",\"url\":\"https:\\\/\\\/shop.claritergroup.com\\\/fr\\\/produit\\\/automatic-and-manual-technical-accessibility-assessment\\\/\",\"name\":\"Automatic and Manual Technical Accessibility Assessment - CLARITER\",\"isPartOf\":{\"@id\":\"https:\\\/\\\/shop.claritergroup.com\\\/#website\"},\"primaryImageOfPage\":{\"@id\":\"https:\\\/\\\/shop.claritergroup.com\\\/fr\\\/produit\\\/automatic-and-manual-technical-accessibility-assessment\\\/#primaryimage\"},\"image\":{\"@id\":\"https:\\\/\\\/shop.claritergroup.com\\\/fr\\\/produit\\\/automatic-and-manual-technical-accessibility-assessment\\\/#primaryimage\"},\"thumbnailUrl\":\"https:\\\/\\\/shop.claritergroup.com\\\/wp-content\\\/uploads\\\/2023\\\/08\\\/Automatic-Manual-Technical-Assessment.png\",\"datePublished\":\"2023-08-09T13:44:24+00:00\",\"description\":\"Testez l'accessibilit\u00e9 technique de votre application \u00e0 l'aide d'un outil automatique et d'un contr\u00f4le technique manuel sur la base d'un \u00e9chantillon afin d'obtenir une analyse plus compl\u00e8te et de meilleure qualit\u00e9 des r\u00e9sultats.\",\"breadcrumb\":{\"@id\":\"https:\\\/\\\/shop.claritergroup.com\\\/fr\\\/produit\\\/automatic-and-manual-technical-accessibility-assessment\\\/#breadcrumb\"},\"inLanguage\":\"fr-FR\",\"potentialAction\":[{\"@type\":\"ReadAction\",\"target\":[\"https:\\\/\\\/shop.claritergroup.com\\\/fr\\\/produit\\\/automatic-and-manual-technical-accessibility-assessment\\\/\"]}]},{\"@type\":\"ImageObject\",\"inLanguage\":\"fr-FR\",\"@id\":\"https:\\\/\\\/shop.claritergroup.com\\\/fr\\\/produit\\\/automatic-and-manual-technical-accessibility-assessment\\\/#primaryimage\",\"url\":\"https:\\\/\\\/shop.claritergroup.com\\\/wp-content\\\/uploads\\\/2023\\\/08\\\/Automatic-Manual-Technical-Assessment.png\",\"contentUrl\":\"https:\\\/\\\/shop.claritergroup.com\\\/wp-content\\\/uploads\\\/2023\\\/08\\\/Automatic-Manual-Technical-Assessment.png\",\"width\":1920,\"height\":1920},{\"@type\":\"BreadcrumbList\",\"@id\":\"https:\\\/\\\/shop.claritergroup.com\\\/fr\\\/produit\\\/automatic-and-manual-technical-accessibility-assessment\\\/#breadcrumb\",\"itemListElement\":[{\"@type\":\"ListItem\",\"position\":1,\"name\":\"Home\",\"item\":\"https:\\\/\\\/shop.claritergroup.com\\\/\"},{\"@type\":\"ListItem\",\"position\":2,\"name\":\"Tienda\",\"item\":\"https:\\\/\\\/shop.claritergroup.com\\\/\"},{\"@type\":\"ListItem\",\"position\":3,\"name\":\"Automatic and Manual Technical Accessibility Assessment\"}]},{\"@type\":\"WebSite\",\"@id\":\"https:\\\/\\\/shop.claritergroup.com\\\/#website\",\"url\":\"https:\\\/\\\/shop.claritergroup.com\\\/\",\"name\":\"CLARITER\",\"description\":\"We improve your customer engagement\",\"potentialAction\":[{\"@type\":\"SearchAction\",\"target\":{\"@type\":\"EntryPoint\",\"urlTemplate\":\"https:\\\/\\\/shop.claritergroup.com\\\/?s={search_term_string}\"},\"query-input\":{\"@type\":\"PropertyValueSpecification\",\"valueRequired\":true,\"valueName\":\"search_term_string\"}}],\"inLanguage\":\"fr-FR\"}]}<\/script>\n<!-- \/ Yoast SEO plugin. -->","yoast_head_json":{"title":"Automatic and Manual Technical Accessibility Assessment - CLARITER","description":"Testez l'accessibilit\u00e9 technique de votre application \u00e0 l'aide d'un outil automatique et d'un contr\u00f4le technique manuel sur la base d'un \u00e9chantillon afin d'obtenir une analyse plus compl\u00e8te et de meilleure qualit\u00e9 des r\u00e9sultats.","robots":{"index":"index","follow":"follow","max-snippet":"max-snippet:-1","max-image-preview":"max-image-preview:large","max-video-preview":"max-video-preview:-1"},"canonical":"https:\/\/shop.claritergroup.com\/fr\/produit\/automatic-and-manual-technical-accessibility-assessment\/","og_locale":"fr_FR","og_type":"article","og_title":"Automatic and Manual Technical Accessibility Assessment - CLARITER","og_description":"Testez l'accessibilit\u00e9 technique de votre application \u00e0 l'aide d'un outil automatique et d'un contr\u00f4le technique manuel sur la base d'un \u00e9chantillon afin d'obtenir une analyse plus compl\u00e8te et de meilleure qualit\u00e9 des r\u00e9sultats.","og_url":"https:\/\/shop.claritergroup.com\/fr\/produit\/automatic-and-manual-technical-accessibility-assessment\/","og_site_name":"CLARITER","article_publisher":"https:\/\/www.facebook.com\/Claritergroup\/","og_image":[{"width":1920,"height":1920,"url":"https:\/\/shop.claritergroup.com\/wp-content\/uploads\/2023\/08\/Automatic-Manual-Technical-Assessment.png","type":"image\/png"}],"twitter_card":"summary_large_image","twitter_site":"@clariter","schema":{"@context":"https:\/\/schema.org","@graph":[{"@type":"WebPage","@id":"https:\/\/shop.claritergroup.com\/fr\/produit\/automatic-and-manual-technical-accessibility-assessment\/","url":"https:\/\/shop.claritergroup.com\/fr\/produit\/automatic-and-manual-technical-accessibility-assessment\/","name":"Automatic and Manual Technical Accessibility Assessment - CLARITER","isPartOf":{"@id":"https:\/\/shop.claritergroup.com\/#website"},"primaryImageOfPage":{"@id":"https:\/\/shop.claritergroup.com\/fr\/produit\/automatic-and-manual-technical-accessibility-assessment\/#primaryimage"},"image":{"@id":"https:\/\/shop.claritergroup.com\/fr\/produit\/automatic-and-manual-technical-accessibility-assessment\/#primaryimage"},"thumbnailUrl":"https:\/\/shop.claritergroup.com\/wp-content\/uploads\/2023\/08\/Automatic-Manual-Technical-Assessment.png","datePublished":"2023-08-09T13:44:24+00:00","description":"Testez l'accessibilit\u00e9 technique de votre application \u00e0 l'aide d'un outil automatique et d'un contr\u00f4le technique manuel sur la base d'un \u00e9chantillon afin d'obtenir une analyse plus compl\u00e8te et de meilleure qualit\u00e9 des r\u00e9sultats.","breadcrumb":{"@id":"https:\/\/shop.claritergroup.com\/fr\/produit\/automatic-and-manual-technical-accessibility-assessment\/#breadcrumb"},"inLanguage":"fr-FR","potentialAction":[{"@type":"ReadAction","target":["https:\/\/shop.claritergroup.com\/fr\/produit\/automatic-and-manual-technical-accessibility-assessment\/"]}]},{"@type":"ImageObject","inLanguage":"fr-FR","@id":"https:\/\/shop.claritergroup.com\/fr\/produit\/automatic-and-manual-technical-accessibility-assessment\/#primaryimage","url":"https:\/\/shop.claritergroup.com\/wp-content\/uploads\/2023\/08\/Automatic-Manual-Technical-Assessment.png","contentUrl":"https:\/\/shop.claritergroup.com\/wp-content\/uploads\/2023\/08\/Automatic-Manual-Technical-Assessment.png","width":1920,"height":1920},{"@type":"BreadcrumbList","@id":"https:\/\/shop.claritergroup.com\/fr\/produit\/automatic-and-manual-technical-accessibility-assessment\/#breadcrumb","itemListElement":[{"@type":"ListItem","position":1,"name":"Home","item":"https:\/\/shop.claritergroup.com\/"},{"@type":"ListItem","position":2,"name":"Tienda","item":"https:\/\/shop.claritergroup.com\/"},{"@type":"ListItem","position":3,"name":"Automatic and Manual Technical Accessibility Assessment"}]},{"@type":"WebSite","@id":"https:\/\/shop.claritergroup.com\/#website","url":"https:\/\/shop.claritergroup.com\/","name":"CLARITER","description":"We improve your customer engagement","potentialAction":[{"@type":"SearchAction","target":{"@type":"EntryPoint","urlTemplate":"https:\/\/shop.claritergroup.com\/?s={search_term_string}"},"query-input":{"@type":"PropertyValueSpecification","valueRequired":true,"valueName":"search_term_string"}}],"inLanguage":"fr-FR"}]}},"_links":{"self":[{"href":"https:\/\/shop.claritergroup.com\/fr\/wp-json\/wp\/v2\/product\/231886","targetHints":{"allow":["GET"]}}],"collection":[{"href":"https:\/\/shop.claritergroup.com\/fr\/wp-json\/wp\/v2\/product"}],"about":[{"href":"https:\/\/shop.claritergroup.com\/fr\/wp-json\/wp\/v2\/types\/product"}],"wp:featuredmedia":[{"embeddable":true,"href":"https:\/\/shop.claritergroup.com\/fr\/wp-json\/wp\/v2\/media\/231612"}],"wp:attachment":[{"href":"https:\/\/shop.claritergroup.com\/fr\/wp-json\/wp\/v2\/media?parent=231886"}],"wp:term":[{"taxonomy":"product_brand","embeddable":true,"href":"https:\/\/shop.claritergroup.com\/fr\/wp-json\/wp\/v2\/product_brand?post=231886"},{"taxonomy":"product_cat","embeddable":true,"href":"https:\/\/shop.claritergroup.com\/fr\/wp-json\/wp\/v2\/product_cat?post=231886"},{"taxonomy":"product_tag","embeddable":true,"href":"https:\/\/shop.claritergroup.com\/fr\/wp-json\/wp\/v2\/product_tag?post=231886"}],"curies":[{"name":"wp","href":"https:\/\/api.w.org\/{rel}","templated":true}]}}