{"id":231888,"date":"2023-08-09T13:42:41","date_gmt":"2023-08-09T13:42:41","guid":{"rendered":"https:\/\/shop.claritergroup.com\/product\/development-of-feedback-mechanism-for-accessibility-issues\/"},"modified":"2023-08-09T13:42:41","modified_gmt":"2023-08-09T13:42:41","slug":"development-of-feedback-mechanism-for-accessibility-issues","status":"publish","type":"product","link":"https:\/\/shop.claritergroup.com\/fr\/produit\/development-of-feedback-mechanism-for-accessibility-issues\/","title":{"rendered":"Development of Feedback Mechanism for Accessibility Issues"},"content":{"rendered":"<p><span style=\"font-size: 14px\">Choisissez cette solution pour permettre aux utilisateurs finaux de votre service num\u00e9rique de signaler tout probl\u00e8me d&rsquo;accessibilit\u00e9 concernant le contenu, les pages et les sections de votre application. <\/span><span style=\"font-size: 14px\">Ouvrez un nouveau canal de communication directe avec vos utilisateurs finaux pour leur permettre de s&rsquo;exprimer et de communiquer directement avec vous, sans interm\u00e9diaire. En choisissant cette solution d\u00e9velopp\u00e9e par l&rsquo;\u00e9quipe de Qalya Script, vous vous rapprocherez \u00e9galement de la conformit\u00e9 avec les r\u00e9glementations actuelles en mati\u00e8re d&rsquo;accessibilit\u00e9 !<\/span><\/p>\n<p><span style=\"font-size: 14px\">En savoir plus sur le service, <a href=\"https:\/\/shop.claritergroup.com\/wp-content\/uploads\/2023\/09\/8720-en-Feedback-Mechanism.pdf\"><span style=\"color: #0000ff\">cliquez ici<\/span><\/a>.<\/span><\/p>\n","protected":false},"excerpt":{"rendered":"<p>Soutien au d\u00e9veloppement de la page web du m\u00e9canisme de retour d&rsquo;information, obligatoire pour l&rsquo;\u00e9laboration de la d\u00e9claration d&rsquo;accessibilit\u00e9.<\/p>\n","protected":false},"featured_media":231618,"template":"","meta":{"_et_pb_use_builder":"","_et_pb_old_content":"","_et_gb_content_width":"","inline_featured_image":false},"product_cat":[199,280],"product_tag":[287,289,286,288],"yoast_head":"<!-- This site is optimized with the Yoast SEO plugin v20.12 - https:\/\/yoast.com\/wordpress\/plugins\/seo\/ -->\n<title>Development of Feedback Mechanism for Accessibility Issues - CLARITER<\/title>\n<meta name=\"description\" content=\"Permettez aux utilisateurs finaux de vous signaler directement les probl\u00e8mes d&#039;accessibilit\u00e9 rencontr\u00e9s sur votre application, en \u00e9tablissant un canal de communication accessible et inclusif conforme aux r\u00e9glementations en vigueur.\" \/>\n<meta name=\"robots\" content=\"index, follow, max-snippet:-1, max-image-preview:large, max-video-preview:-1\" \/>\n<link rel=\"canonical\" href=\"https:\/\/shop.claritergroup.com\/fr\/produit\/development-of-feedback-mechanism-for-accessibility-issues\/\" \/>\n<meta property=\"og:locale\" content=\"fr_FR\" \/>\n<meta property=\"og:type\" content=\"article\" \/>\n<meta property=\"og:title\" content=\"Development of Feedback Mechanism for Accessibility Issues - CLARITER\" \/>\n<meta property=\"og:description\" content=\"Permettez aux utilisateurs finaux de vous signaler directement les probl\u00e8mes d&#039;accessibilit\u00e9 rencontr\u00e9s sur votre application, en \u00e9tablissant un canal de communication accessible et inclusif conforme aux r\u00e9glementations en vigueur.\" \/>\n<meta property=\"og:url\" content=\"https:\/\/shop.claritergroup.com\/fr\/produit\/development-of-feedback-mechanism-for-accessibility-issues\/\" \/>\n<meta property=\"og:site_name\" content=\"CLARITER\" \/>\n<meta property=\"article:publisher\" content=\"https:\/\/www.facebook.com\/Claritergroup\/\" \/>\n<meta property=\"og:image\" content=\"https:\/\/shop.claritergroup.com\/wp-content\/uploads\/2023\/08\/Feedback-Mechanism.png\" \/>\n\t<meta property=\"og:image:width\" content=\"1920\" \/>\n\t<meta property=\"og:image:height\" content=\"1920\" \/>\n\t<meta property=\"og:image:type\" content=\"image\/png\" \/>\n<meta name=\"twitter:card\" content=\"summary_large_image\" \/>\n<meta name=\"twitter:site\" content=\"@clariter\" \/>\n<script type=\"application\/ld+json\" class=\"yoast-schema-graph\">{\"@context\":\"https:\/\/schema.org\",\"@graph\":[{\"@type\":\"WebPage\",\"@id\":\"https:\/\/shop.claritergroup.com\/fr\/produit\/development-of-feedback-mechanism-for-accessibility-issues\/\",\"url\":\"https:\/\/shop.claritergroup.com\/fr\/produit\/development-of-feedback-mechanism-for-accessibility-issues\/\",\"name\":\"Development of Feedback Mechanism for Accessibility Issues - CLARITER\",\"isPartOf\":{\"@id\":\"https:\/\/shop.claritergroup.com\/#website\"},\"datePublished\":\"2023-08-09T13:42:41+00:00\",\"dateModified\":\"2023-08-09T13:42:41+00:00\",\"description\":\"Permettez aux utilisateurs finaux de vous signaler directement les probl\u00e8mes d'accessibilit\u00e9 rencontr\u00e9s sur votre application, en \u00e9tablissant un canal de communication accessible et inclusif conforme aux r\u00e9glementations en vigueur.\",\"breadcrumb\":{\"@id\":\"https:\/\/shop.claritergroup.com\/fr\/produit\/development-of-feedback-mechanism-for-accessibility-issues\/#breadcrumb\"},\"inLanguage\":\"fr-FR\",\"potentialAction\":[{\"@type\":\"ReadAction\",\"target\":[\"https:\/\/shop.claritergroup.com\/fr\/produit\/development-of-feedback-mechanism-for-accessibility-issues\/\"]}]},{\"@type\":\"BreadcrumbList\",\"@id\":\"https:\/\/shop.claritergroup.com\/fr\/produit\/development-of-feedback-mechanism-for-accessibility-issues\/#breadcrumb\",\"itemListElement\":[{\"@type\":\"ListItem\",\"position\":1,\"name\":\"Home\",\"item\":\"https:\/\/shop.claritergroup.com\/\"},{\"@type\":\"ListItem\",\"position\":2,\"name\":\"Tienda\",\"item\":\"https:\/\/shop.claritergroup.com\/\"},{\"@type\":\"ListItem\",\"position\":3,\"name\":\"Development of Feedback Mechanism for Accessibility Issues\"}]},{\"@type\":\"WebSite\",\"@id\":\"https:\/\/shop.claritergroup.com\/#website\",\"url\":\"https:\/\/shop.claritergroup.com\/\",\"name\":\"CLARITER\",\"description\":\"We improve your customer engagement\",\"potentialAction\":[{\"@type\":\"SearchAction\",\"target\":{\"@type\":\"EntryPoint\",\"urlTemplate\":\"https:\/\/shop.claritergroup.com\/?s={search_term_string}\"},\"query-input\":\"required name=search_term_string\"}],\"inLanguage\":\"fr-FR\"}]}<\/script>\n<!-- \/ Yoast SEO plugin. -->","yoast_head_json":{"title":"Development of Feedback Mechanism for Accessibility Issues - CLARITER","description":"Permettez aux utilisateurs finaux de vous signaler directement les probl\u00e8mes d'accessibilit\u00e9 rencontr\u00e9s sur votre application, en \u00e9tablissant un canal de communication accessible et inclusif conforme aux r\u00e9glementations en vigueur.","robots":{"index":"index","follow":"follow","max-snippet":"max-snippet:-1","max-image-preview":"max-image-preview:large","max-video-preview":"max-video-preview:-1"},"canonical":"https:\/\/shop.claritergroup.com\/fr\/produit\/development-of-feedback-mechanism-for-accessibility-issues\/","og_locale":"fr_FR","og_type":"article","og_title":"Development of Feedback Mechanism for Accessibility Issues - CLARITER","og_description":"Permettez aux utilisateurs finaux de vous signaler directement les probl\u00e8mes d'accessibilit\u00e9 rencontr\u00e9s sur votre application, en \u00e9tablissant un canal de communication accessible et inclusif conforme aux r\u00e9glementations en vigueur.","og_url":"https:\/\/shop.claritergroup.com\/fr\/produit\/development-of-feedback-mechanism-for-accessibility-issues\/","og_site_name":"CLARITER","article_publisher":"https:\/\/www.facebook.com\/Claritergroup\/","og_image":[{"width":1920,"height":1920,"url":"https:\/\/shop.claritergroup.com\/wp-content\/uploads\/2023\/08\/Feedback-Mechanism.png","type":"image\/png"}],"twitter_card":"summary_large_image","twitter_site":"@clariter","schema":{"@context":"https:\/\/schema.org","@graph":[{"@type":"WebPage","@id":"https:\/\/shop.claritergroup.com\/fr\/produit\/development-of-feedback-mechanism-for-accessibility-issues\/","url":"https:\/\/shop.claritergroup.com\/fr\/produit\/development-of-feedback-mechanism-for-accessibility-issues\/","name":"Development of Feedback Mechanism for Accessibility Issues - CLARITER","isPartOf":{"@id":"https:\/\/shop.claritergroup.com\/#website"},"datePublished":"2023-08-09T13:42:41+00:00","dateModified":"2023-08-09T13:42:41+00:00","description":"Permettez aux utilisateurs finaux de vous signaler directement les probl\u00e8mes d'accessibilit\u00e9 rencontr\u00e9s sur votre application, en \u00e9tablissant un canal de communication accessible et inclusif conforme aux r\u00e9glementations en vigueur.","breadcrumb":{"@id":"https:\/\/shop.claritergroup.com\/fr\/produit\/development-of-feedback-mechanism-for-accessibility-issues\/#breadcrumb"},"inLanguage":"fr-FR","potentialAction":[{"@type":"ReadAction","target":["https:\/\/shop.claritergroup.com\/fr\/produit\/development-of-feedback-mechanism-for-accessibility-issues\/"]}]},{"@type":"BreadcrumbList","@id":"https:\/\/shop.claritergroup.com\/fr\/produit\/development-of-feedback-mechanism-for-accessibility-issues\/#breadcrumb","itemListElement":[{"@type":"ListItem","position":1,"name":"Home","item":"https:\/\/shop.claritergroup.com\/"},{"@type":"ListItem","position":2,"name":"Tienda","item":"https:\/\/shop.claritergroup.com\/"},{"@type":"ListItem","position":3,"name":"Development of Feedback Mechanism for Accessibility Issues"}]},{"@type":"WebSite","@id":"https:\/\/shop.claritergroup.com\/#website","url":"https:\/\/shop.claritergroup.com\/","name":"CLARITER","description":"We improve your customer engagement","potentialAction":[{"@type":"SearchAction","target":{"@type":"EntryPoint","urlTemplate":"https:\/\/shop.claritergroup.com\/?s={search_term_string}"},"query-input":"required name=search_term_string"}],"inLanguage":"fr-FR"}]}},"_links":{"self":[{"href":"https:\/\/shop.claritergroup.com\/fr\/wp-json\/wp\/v2\/product\/231888"}],"collection":[{"href":"https:\/\/shop.claritergroup.com\/fr\/wp-json\/wp\/v2\/product"}],"about":[{"href":"https:\/\/shop.claritergroup.com\/fr\/wp-json\/wp\/v2\/types\/product"}],"wp:featuredmedia":[{"embeddable":true,"href":"https:\/\/shop.claritergroup.com\/fr\/wp-json\/wp\/v2\/media\/231618"}],"wp:attachment":[{"href":"https:\/\/shop.claritergroup.com\/fr\/wp-json\/wp\/v2\/media?parent=231888"}],"wp:term":[{"taxonomy":"product_cat","embeddable":true,"href":"https:\/\/shop.claritergroup.com\/fr\/wp-json\/wp\/v2\/product_cat?post=231888"},{"taxonomy":"product_tag","embeddable":true,"href":"https:\/\/shop.claritergroup.com\/fr\/wp-json\/wp\/v2\/product_tag?post=231888"}],"curies":[{"name":"wp","href":"https:\/\/api.w.org\/{rel}","templated":true}]}}