{"id":231655,"date":"2023-08-09T13:30:08","date_gmt":"2023-08-09T13:30:08","guid":{"rendered":"https:\/\/shop.claritergroup.com\/product\/supporto-alla-dichiarazione-di-accessibilita\/"},"modified":"2024-02-21T15:08:35","modified_gmt":"2024-02-21T15:08:35","slug":"supporto-alla-dichiarazione-di-accessibilita","status":"publish","type":"product","link":"https:\/\/shop.claritergroup.com\/it\/prodotto\/supporto-alla-dichiarazione-di-accessibilita\/","title":{"rendered":"Support for the Accessibility Statement"},"content":{"rendered":"<div>\n<div><span style=\"font-size: 14px\">L&#8217;attuale quadro normativo sull&#8217;accessibilit\u00e0 pu\u00f2 essere poco chiaro e sappiamo che la mancanza di chiarezza pu\u00f2 portare a degli errori! Soprattutto quando si tratta di conformit\u00e0, pu\u00f2 essere molto scomodo. <\/span><span style=\"font-size: 14px\"><\/span><\/div>\n<div><span style=\"font-size: 14px\">Affidati a Clariter e ai suoi esperti in materia per essere supportato a livello normativo ed operativo nella redazione della Dichiarazione di Accessibilit\u00e0 per i tuoi prodotti digitali! Questo \u00e8 il passo finale nel processo per rendere accessibili i tuoi applicati che parte dalla Verifica Tecnica di Accessibilit\u00e0.<\/span><\/div>\n<\/div>\n<div><span style=\"font-size: 14px\"> <\/span><\/div>\n<div><span style=\"font-size: 14px\">Per saperne di pi\u00f9 sul servizio clicca <a href=\"https:\/\/shop.claritergroup.com\/wp-content\/uploads\/2023\/09\/8720-en-Support-for-the-Accessibility-Statement.pdf\"><span style=\"color: #0000ff\">qui<\/span><\/a>.<\/span><\/div>\n<p>&nbsp;<\/p>\n","protected":false},"excerpt":{"rendered":"<p>Supporto nell&#8217;elaborazione della Dichiarazione di accessibilit\u00e0. Consigliato insieme alla valutazione tecnica.<\/p>\n","protected":false},"featured_media":231597,"template":"","meta":{"_et_pb_use_builder":"","_et_pb_old_content":"","_et_gb_content_width":"","inline_featured_image":false},"product_brand":[],"product_cat":[198,195],"product_tag":[270,241,264,257],"class_list":{"0":"post-231655","1":"product","2":"type-product","3":"status-publish","4":"has-post-thumbnail","6":"product_cat-accessibilita","7":"product_cat-clariter-it","8":"product_tag-agid-it","9":"product_tag-digital-product-it","10":"product_tag-meccanismo-di-feedback","11":"product_tag-web-accessibility-it","13":"first","14":"instock","15":"sold-individually","16":"taxable","17":"shipping-taxable","18":"purchasable","19":"product-type-simple"},"yoast_head":"<!-- This site is optimized with the Yoast SEO plugin v27.5 - https:\/\/yoast.com\/product\/yoast-seo-wordpress\/ -->\n<title>Support for the Accessibility Statement - CLARITER<\/title>\n<meta name=\"description\" content=\"Certify your digital products with the AcceValutazione dell&#039;efficacia e della soddisfazione d&#039;uso di un&#039;applicazione da parte di esperti di usabilit\u00e0, coinvolgendo utenti reali della nostra comunit\u00e0 di crowdsourcing.ssibility Statement. Il team di Qalya Sense vi accompagna nell&#039;interpretazione dei risultati della Valutazione di Accessibilit\u00e0 Tecnica e vi supporta nella stesura della Dichiarazione di Accessibilit\u00e0 richiesta dalla normativa sull&#039;accessibilit\u00e0.\" \/>\n<meta name=\"robots\" content=\"index, follow, max-snippet:-1, max-image-preview:large, max-video-preview:-1\" \/>\n<link rel=\"canonical\" href=\"https:\/\/shop.claritergroup.com\/it\/prodotto\/supporto-alla-dichiarazione-di-accessibilita\/\" \/>\n<meta property=\"og:locale\" content=\"it_IT\" \/>\n<meta property=\"og:type\" content=\"article\" \/>\n<meta property=\"og:title\" content=\"Support for the Accessibility Statement - CLARITER\" \/>\n<meta property=\"og:description\" content=\"Certify your digital products with the AcceValutazione dell&#039;efficacia e della soddisfazione d&#039;uso di un&#039;applicazione da parte di esperti di usabilit\u00e0, coinvolgendo utenti reali della nostra comunit\u00e0 di crowdsourcing.ssibility Statement. Il team di Qalya Sense vi accompagna nell&#039;interpretazione dei risultati della Valutazione di Accessibilit\u00e0 Tecnica e vi supporta nella stesura della Dichiarazione di Accessibilit\u00e0 richiesta dalla normativa sull&#039;accessibilit\u00e0.\" \/>\n<meta property=\"og:url\" content=\"https:\/\/shop.claritergroup.com\/it\/prodotto\/supporto-alla-dichiarazione-di-accessibilita\/\" \/>\n<meta property=\"og:site_name\" content=\"CLARITER\" \/>\n<meta property=\"article:publisher\" content=\"https:\/\/www.facebook.com\/Claritergroup\/\" \/>\n<meta property=\"article:modified_time\" content=\"2024-02-21T15:08:35+00:00\" \/>\n<meta property=\"og:image\" content=\"https:\/\/shop.claritergroup.com\/wp-content\/uploads\/2023\/08\/Accessibility-Statement-1.png\" \/>\n\t<meta property=\"og:image:width\" content=\"1920\" \/>\n\t<meta property=\"og:image:height\" content=\"1920\" \/>\n\t<meta property=\"og:image:type\" content=\"image\/png\" \/>\n<meta name=\"twitter:card\" content=\"summary_large_image\" \/>\n<meta name=\"twitter:site\" content=\"@clariter\" \/>\n<script type=\"application\/ld+json\" class=\"yoast-schema-graph\">{\"@context\":\"https:\\\/\\\/schema.org\",\"@graph\":[{\"@type\":\"WebPage\",\"@id\":\"https:\\\/\\\/shop.claritergroup.com\\\/it\\\/prodotto\\\/supporto-alla-dichiarazione-di-accessibilita\\\/\",\"url\":\"https:\\\/\\\/shop.claritergroup.com\\\/it\\\/prodotto\\\/supporto-alla-dichiarazione-di-accessibilita\\\/\",\"name\":\"Support for the Accessibility Statement - CLARITER\",\"isPartOf\":{\"@id\":\"https:\\\/\\\/shop.claritergroup.com\\\/#website\"},\"primaryImageOfPage\":{\"@id\":\"https:\\\/\\\/shop.claritergroup.com\\\/it\\\/prodotto\\\/supporto-alla-dichiarazione-di-accessibilita\\\/#primaryimage\"},\"image\":{\"@id\":\"https:\\\/\\\/shop.claritergroup.com\\\/it\\\/prodotto\\\/supporto-alla-dichiarazione-di-accessibilita\\\/#primaryimage\"},\"thumbnailUrl\":\"https:\\\/\\\/shop.claritergroup.com\\\/wp-content\\\/uploads\\\/2023\\\/08\\\/Accessibility-Statement-1.png\",\"datePublished\":\"2023-08-09T13:30:08+00:00\",\"dateModified\":\"2024-02-21T15:08:35+00:00\",\"description\":\"Certify your digital products with the AcceValutazione dell'efficacia e della soddisfazione d'uso di un'applicazione da parte di esperti di usabilit\u00e0, coinvolgendo utenti reali della nostra comunit\u00e0 di crowdsourcing.ssibility Statement. Il team di Qalya Sense vi accompagna nell'interpretazione dei risultati della Valutazione di Accessibilit\u00e0 Tecnica e vi supporta nella stesura della Dichiarazione di Accessibilit\u00e0 richiesta dalla normativa sull'accessibilit\u00e0.\",\"breadcrumb\":{\"@id\":\"https:\\\/\\\/shop.claritergroup.com\\\/it\\\/prodotto\\\/supporto-alla-dichiarazione-di-accessibilita\\\/#breadcrumb\"},\"inLanguage\":\"it-IT\",\"potentialAction\":[{\"@type\":\"ReadAction\",\"target\":[\"https:\\\/\\\/shop.claritergroup.com\\\/it\\\/prodotto\\\/supporto-alla-dichiarazione-di-accessibilita\\\/\"]}]},{\"@type\":\"ImageObject\",\"inLanguage\":\"it-IT\",\"@id\":\"https:\\\/\\\/shop.claritergroup.com\\\/it\\\/prodotto\\\/supporto-alla-dichiarazione-di-accessibilita\\\/#primaryimage\",\"url\":\"https:\\\/\\\/shop.claritergroup.com\\\/wp-content\\\/uploads\\\/2023\\\/08\\\/Accessibility-Statement-1.png\",\"contentUrl\":\"https:\\\/\\\/shop.claritergroup.com\\\/wp-content\\\/uploads\\\/2023\\\/08\\\/Accessibility-Statement-1.png\",\"width\":1920,\"height\":1920},{\"@type\":\"BreadcrumbList\",\"@id\":\"https:\\\/\\\/shop.claritergroup.com\\\/it\\\/prodotto\\\/supporto-alla-dichiarazione-di-accessibilita\\\/#breadcrumb\",\"itemListElement\":[{\"@type\":\"ListItem\",\"position\":1,\"name\":\"Home\",\"item\":\"https:\\\/\\\/shop.claritergroup.com\\\/fr\\\/\"},{\"@type\":\"ListItem\",\"position\":2,\"name\":\"Tienda\",\"item\":\"https:\\\/\\\/shop.claritergroup.com\\\/\"},{\"@type\":\"ListItem\",\"position\":3,\"name\":\"Support for the Accessibility Statement\"}]},{\"@type\":\"WebSite\",\"@id\":\"https:\\\/\\\/shop.claritergroup.com\\\/#website\",\"url\":\"https:\\\/\\\/shop.claritergroup.com\\\/\",\"name\":\"CLARITER\",\"description\":\"We improve your customer engagement\",\"potentialAction\":[{\"@type\":\"SearchAction\",\"target\":{\"@type\":\"EntryPoint\",\"urlTemplate\":\"https:\\\/\\\/shop.claritergroup.com\\\/?s={search_term_string}\"},\"query-input\":{\"@type\":\"PropertyValueSpecification\",\"valueRequired\":true,\"valueName\":\"search_term_string\"}}],\"inLanguage\":\"it-IT\"}]}<\/script>\n<!-- \/ Yoast SEO plugin. -->","yoast_head_json":{"title":"Support for the Accessibility Statement - CLARITER","description":"Certify your digital products with the AcceValutazione dell'efficacia e della soddisfazione d'uso di un'applicazione da parte di esperti di usabilit\u00e0, coinvolgendo utenti reali della nostra comunit\u00e0 di crowdsourcing.ssibility Statement. Il team di Qalya Sense vi accompagna nell'interpretazione dei risultati della Valutazione di Accessibilit\u00e0 Tecnica e vi supporta nella stesura della Dichiarazione di Accessibilit\u00e0 richiesta dalla normativa sull'accessibilit\u00e0.","robots":{"index":"index","follow":"follow","max-snippet":"max-snippet:-1","max-image-preview":"max-image-preview:large","max-video-preview":"max-video-preview:-1"},"canonical":"https:\/\/shop.claritergroup.com\/it\/prodotto\/supporto-alla-dichiarazione-di-accessibilita\/","og_locale":"it_IT","og_type":"article","og_title":"Support for the Accessibility Statement - CLARITER","og_description":"Certify your digital products with the AcceValutazione dell'efficacia e della soddisfazione d'uso di un'applicazione da parte di esperti di usabilit\u00e0, coinvolgendo utenti reali della nostra comunit\u00e0 di crowdsourcing.ssibility Statement. Il team di Qalya Sense vi accompagna nell'interpretazione dei risultati della Valutazione di Accessibilit\u00e0 Tecnica e vi supporta nella stesura della Dichiarazione di Accessibilit\u00e0 richiesta dalla normativa sull'accessibilit\u00e0.","og_url":"https:\/\/shop.claritergroup.com\/it\/prodotto\/supporto-alla-dichiarazione-di-accessibilita\/","og_site_name":"CLARITER","article_publisher":"https:\/\/www.facebook.com\/Claritergroup\/","article_modified_time":"2024-02-21T15:08:35+00:00","og_image":[{"width":1920,"height":1920,"url":"https:\/\/shop.claritergroup.com\/wp-content\/uploads\/2023\/08\/Accessibility-Statement-1.png","type":"image\/png"}],"twitter_card":"summary_large_image","twitter_site":"@clariter","schema":{"@context":"https:\/\/schema.org","@graph":[{"@type":"WebPage","@id":"https:\/\/shop.claritergroup.com\/it\/prodotto\/supporto-alla-dichiarazione-di-accessibilita\/","url":"https:\/\/shop.claritergroup.com\/it\/prodotto\/supporto-alla-dichiarazione-di-accessibilita\/","name":"Support for the Accessibility Statement - CLARITER","isPartOf":{"@id":"https:\/\/shop.claritergroup.com\/#website"},"primaryImageOfPage":{"@id":"https:\/\/shop.claritergroup.com\/it\/prodotto\/supporto-alla-dichiarazione-di-accessibilita\/#primaryimage"},"image":{"@id":"https:\/\/shop.claritergroup.com\/it\/prodotto\/supporto-alla-dichiarazione-di-accessibilita\/#primaryimage"},"thumbnailUrl":"https:\/\/shop.claritergroup.com\/wp-content\/uploads\/2023\/08\/Accessibility-Statement-1.png","datePublished":"2023-08-09T13:30:08+00:00","dateModified":"2024-02-21T15:08:35+00:00","description":"Certify your digital products with the AcceValutazione dell'efficacia e della soddisfazione d'uso di un'applicazione da parte di esperti di usabilit\u00e0, coinvolgendo utenti reali della nostra comunit\u00e0 di crowdsourcing.ssibility Statement. Il team di Qalya Sense vi accompagna nell'interpretazione dei risultati della Valutazione di Accessibilit\u00e0 Tecnica e vi supporta nella stesura della Dichiarazione di Accessibilit\u00e0 richiesta dalla normativa sull'accessibilit\u00e0.","breadcrumb":{"@id":"https:\/\/shop.claritergroup.com\/it\/prodotto\/supporto-alla-dichiarazione-di-accessibilita\/#breadcrumb"},"inLanguage":"it-IT","potentialAction":[{"@type":"ReadAction","target":["https:\/\/shop.claritergroup.com\/it\/prodotto\/supporto-alla-dichiarazione-di-accessibilita\/"]}]},{"@type":"ImageObject","inLanguage":"it-IT","@id":"https:\/\/shop.claritergroup.com\/it\/prodotto\/supporto-alla-dichiarazione-di-accessibilita\/#primaryimage","url":"https:\/\/shop.claritergroup.com\/wp-content\/uploads\/2023\/08\/Accessibility-Statement-1.png","contentUrl":"https:\/\/shop.claritergroup.com\/wp-content\/uploads\/2023\/08\/Accessibility-Statement-1.png","width":1920,"height":1920},{"@type":"BreadcrumbList","@id":"https:\/\/shop.claritergroup.com\/it\/prodotto\/supporto-alla-dichiarazione-di-accessibilita\/#breadcrumb","itemListElement":[{"@type":"ListItem","position":1,"name":"Home","item":"https:\/\/shop.claritergroup.com\/fr\/"},{"@type":"ListItem","position":2,"name":"Tienda","item":"https:\/\/shop.claritergroup.com\/"},{"@type":"ListItem","position":3,"name":"Support for the Accessibility Statement"}]},{"@type":"WebSite","@id":"https:\/\/shop.claritergroup.com\/#website","url":"https:\/\/shop.claritergroup.com\/","name":"CLARITER","description":"We improve your customer engagement","potentialAction":[{"@type":"SearchAction","target":{"@type":"EntryPoint","urlTemplate":"https:\/\/shop.claritergroup.com\/?s={search_term_string}"},"query-input":{"@type":"PropertyValueSpecification","valueRequired":true,"valueName":"search_term_string"}}],"inLanguage":"it-IT"}]}},"_links":{"self":[{"href":"https:\/\/shop.claritergroup.com\/it\/wp-json\/wp\/v2\/product\/231655","targetHints":{"allow":["GET"]}}],"collection":[{"href":"https:\/\/shop.claritergroup.com\/it\/wp-json\/wp\/v2\/product"}],"about":[{"href":"https:\/\/shop.claritergroup.com\/it\/wp-json\/wp\/v2\/types\/product"}],"wp:featuredmedia":[{"embeddable":true,"href":"https:\/\/shop.claritergroup.com\/it\/wp-json\/wp\/v2\/media\/231597"}],"wp:attachment":[{"href":"https:\/\/shop.claritergroup.com\/it\/wp-json\/wp\/v2\/media?parent=231655"}],"wp:term":[{"taxonomy":"product_brand","embeddable":true,"href":"https:\/\/shop.claritergroup.com\/it\/wp-json\/wp\/v2\/product_brand?post=231655"},{"taxonomy":"product_cat","embeddable":true,"href":"https:\/\/shop.claritergroup.com\/it\/wp-json\/wp\/v2\/product_cat?post=231655"},{"taxonomy":"product_tag","embeddable":true,"href":"https:\/\/shop.claritergroup.com\/it\/wp-json\/wp\/v2\/product_tag?post=231655"}],"curies":[{"name":"wp","href":"https:\/\/api.w.org\/{rel}","templated":true}]}}