{"id":231648,"date":"2023-08-09T13:45:13","date_gmt":"2023-08-09T13:45:13","guid":{"rendered":"https:\/\/shop.claritergroup.com\/product\/auditoria-da-experiencia-de-utilizacao\/"},"modified":"2024-02-21T15:13:05","modified_gmt":"2024-02-21T15:13:05","slug":"auditoria-da-experiencia-de-utilizacao","status":"publish","type":"product","link":"https:\/\/shop.claritergroup.com\/pt-pt\/produto\/auditoria-da-experiencia-de-utilizacao\/","title":{"rendered":"User Experience Assessment"},"content":{"rendered":"<p><span style=\"font-size: 14px\">Melhore a experi\u00eancia de utiliza\u00e7\u00e3o dos seus produtos, por meio da intera\u00e7\u00e3o direta n\u00e3o s\u00f3 com os seus utilizadores reais, mas tamb\u00e9m com os seus potenciais clientes. <\/span><span style=\"font-size: 14px\">A for\u00e7a de nossa metodologia \u00e9 dada pela abordagem centrada no ser humano que, gra\u00e7as \u00e0 intera\u00e7\u00e3o com utilizadores reais, nos permite recolher dados e obter um retorno verdadeiro e detalhado. <\/span><span style=\"font-size: 14px\">A gest\u00e3o desta atividade, al\u00e9m de capturar a Usabilidade percecionada pelos utilizadores, fornecer\u00e1 sugest\u00f5es de melhoria, tanto dos nossos especialistas, como da comunidade envolvida.<\/span><\/p>\n<p><span style=\"font-size: 14px\">Saiba mais sobre o servi\u00e7o <a href=\"https:\/\/shop.claritergroup.com\/wp-content\/uploads\/2023\/08\/Srl-3322-User-Experience-Assessment.pdf\"><span style=\"color: #0000ff\">aqui<\/span><\/a>.<\/span><\/p>\n","protected":false},"excerpt":{"rendered":"<p>Avalia\u00e7\u00e3o da efic\u00e1cia e da satisfa\u00e7\u00e3o de utiliza\u00e7\u00e3o de uma aplica\u00e7\u00e3o por peritos em usabilidade, envolvendo utilizadores reais da nossa comunidade de Crowdsourcing. An\u00e1lise de usabilidade realizada usando a defini\u00e7\u00e3o de usabilidade fornecida pelo ISO e indicadores dedicados espec\u00edficos, partilhando um relat\u00f3rio com indicadores principais (por exemplo, NPS, CSAT, UMUX LITE ou SUS) e observa\u00e7\u00f5es de especialistas em fatores humanos.<\/p>\n<p>&nbsp;<\/p>\n<p>&nbsp;<\/p>\n","protected":false},"featured_media":231626,"template":"","meta":{"_et_pb_use_builder":"","_et_pb_old_content":"","_et_gb_content_width":"","inline_featured_image":false},"product_cat":[247,210],"product_tag":[253,254],"yoast_head":"<!-- This site is optimized with the Yoast SEO plugin v20.12 - https:\/\/yoast.com\/wordpress\/plugins\/seo\/ -->\n<title>User Experience Assessment - CLARITER<\/title>\n<meta name=\"description\" content=\"Melhore a Experi\u00eancia de Utiliza\u00e7\u00e3o do seu produto por meio da intera\u00e7\u00e3o direta com utilizadores finais e potenciais utilizadores. A equipe Qalya Sense, empregando sempre uma abordagem centrada no ser humano, recolhe junto da nossa comunidade de crowdsourcing, retorno verdadeiro e isento, sobre Usabilidade e melhorias desejadas no modo como se faz a interface com o utilizador.\" \/>\n<meta name=\"robots\" content=\"index, follow, max-snippet:-1, max-image-preview:large, max-video-preview:-1\" \/>\n<link rel=\"canonical\" href=\"https:\/\/shop.claritergroup.com\/pt-pt\/produto\/auditoria-da-experiencia-de-utilizacao\/\" \/>\n<meta property=\"og:locale\" content=\"pt_PT\" \/>\n<meta property=\"og:type\" content=\"article\" \/>\n<meta property=\"og:title\" content=\"User Experience Assessment - CLARITER\" \/>\n<meta property=\"og:description\" content=\"Melhore a Experi\u00eancia de Utiliza\u00e7\u00e3o do seu produto por meio da intera\u00e7\u00e3o direta com utilizadores finais e potenciais utilizadores. A equipe Qalya Sense, empregando sempre uma abordagem centrada no ser humano, recolhe junto da nossa comunidade de crowdsourcing, retorno verdadeiro e isento, sobre Usabilidade e melhorias desejadas no modo como se faz a interface com o utilizador.\" \/>\n<meta property=\"og:url\" content=\"https:\/\/shop.claritergroup.com\/pt-pt\/produto\/auditoria-da-experiencia-de-utilizacao\/\" \/>\n<meta property=\"og:site_name\" content=\"CLARITER\" \/>\n<meta property=\"article:publisher\" content=\"https:\/\/www.facebook.com\/Claritergroup\/\" \/>\n<meta property=\"article:modified_time\" content=\"2024-02-21T15:13:05+00:00\" \/>\n<meta property=\"og:image\" content=\"https:\/\/shop.claritergroup.com\/wp-content\/uploads\/2023\/08\/User-Experience-Assessment.png\" \/>\n\t<meta property=\"og:image:width\" content=\"1920\" \/>\n\t<meta property=\"og:image:height\" content=\"1920\" \/>\n\t<meta property=\"og:image:type\" content=\"image\/png\" \/>\n<meta name=\"twitter:card\" content=\"summary_large_image\" \/>\n<meta name=\"twitter:site\" content=\"@clariter\" \/>\n<script type=\"application\/ld+json\" class=\"yoast-schema-graph\">{\"@context\":\"https:\/\/schema.org\",\"@graph\":[{\"@type\":\"WebPage\",\"@id\":\"https:\/\/shop.claritergroup.com\/pt-pt\/produto\/auditoria-da-experiencia-de-utilizacao\/\",\"url\":\"https:\/\/shop.claritergroup.com\/pt-pt\/produto\/auditoria-da-experiencia-de-utilizacao\/\",\"name\":\"User Experience Assessment - CLARITER\",\"isPartOf\":{\"@id\":\"https:\/\/shop.claritergroup.com\/#website\"},\"datePublished\":\"2023-08-09T13:45:13+00:00\",\"dateModified\":\"2024-02-21T15:13:05+00:00\",\"description\":\"Melhore a Experi\u00eancia de Utiliza\u00e7\u00e3o do seu produto por meio da intera\u00e7\u00e3o direta com utilizadores finais e potenciais utilizadores. A equipe Qalya Sense, empregando sempre uma abordagem centrada no ser humano, recolhe junto da nossa comunidade de crowdsourcing, retorno verdadeiro e isento, sobre Usabilidade e melhorias desejadas no modo como se faz a interface com o utilizador.\",\"breadcrumb\":{\"@id\":\"https:\/\/shop.claritergroup.com\/pt-pt\/produto\/auditoria-da-experiencia-de-utilizacao\/#breadcrumb\"},\"inLanguage\":\"pt-PT\",\"potentialAction\":[{\"@type\":\"ReadAction\",\"target\":[\"https:\/\/shop.claritergroup.com\/pt-pt\/produto\/auditoria-da-experiencia-de-utilizacao\/\"]}]},{\"@type\":\"BreadcrumbList\",\"@id\":\"https:\/\/shop.claritergroup.com\/pt-pt\/produto\/auditoria-da-experiencia-de-utilizacao\/#breadcrumb\",\"itemListElement\":[{\"@type\":\"ListItem\",\"position\":1,\"name\":\"Home\",\"item\":\"https:\/\/shop.claritergroup.com\/\"},{\"@type\":\"ListItem\",\"position\":2,\"name\":\"Tienda\",\"item\":\"https:\/\/shop.claritergroup.com\/\"},{\"@type\":\"ListItem\",\"position\":3,\"name\":\"User Experience Assessment\"}]},{\"@type\":\"WebSite\",\"@id\":\"https:\/\/shop.claritergroup.com\/#website\",\"url\":\"https:\/\/shop.claritergroup.com\/\",\"name\":\"CLARITER\",\"description\":\"We improve your customer engagement\",\"potentialAction\":[{\"@type\":\"SearchAction\",\"target\":{\"@type\":\"EntryPoint\",\"urlTemplate\":\"https:\/\/shop.claritergroup.com\/?s={search_term_string}\"},\"query-input\":\"required name=search_term_string\"}],\"inLanguage\":\"pt-PT\"}]}<\/script>\n<!-- \/ Yoast SEO plugin. -->","yoast_head_json":{"title":"User Experience Assessment - CLARITER","description":"Melhore a Experi\u00eancia de Utiliza\u00e7\u00e3o do seu produto por meio da intera\u00e7\u00e3o direta com utilizadores finais e potenciais utilizadores. A equipe Qalya Sense, empregando sempre uma abordagem centrada no ser humano, recolhe junto da nossa comunidade de crowdsourcing, retorno verdadeiro e isento, sobre Usabilidade e melhorias desejadas no modo como se faz a interface com o utilizador.","robots":{"index":"index","follow":"follow","max-snippet":"max-snippet:-1","max-image-preview":"max-image-preview:large","max-video-preview":"max-video-preview:-1"},"canonical":"https:\/\/shop.claritergroup.com\/pt-pt\/produto\/auditoria-da-experiencia-de-utilizacao\/","og_locale":"pt_PT","og_type":"article","og_title":"User Experience Assessment - CLARITER","og_description":"Melhore a Experi\u00eancia de Utiliza\u00e7\u00e3o do seu produto por meio da intera\u00e7\u00e3o direta com utilizadores finais e potenciais utilizadores. A equipe Qalya Sense, empregando sempre uma abordagem centrada no ser humano, recolhe junto da nossa comunidade de crowdsourcing, retorno verdadeiro e isento, sobre Usabilidade e melhorias desejadas no modo como se faz a interface com o utilizador.","og_url":"https:\/\/shop.claritergroup.com\/pt-pt\/produto\/auditoria-da-experiencia-de-utilizacao\/","og_site_name":"CLARITER","article_publisher":"https:\/\/www.facebook.com\/Claritergroup\/","article_modified_time":"2024-02-21T15:13:05+00:00","og_image":[{"width":1920,"height":1920,"url":"https:\/\/shop.claritergroup.com\/wp-content\/uploads\/2023\/08\/User-Experience-Assessment.png","type":"image\/png"}],"twitter_card":"summary_large_image","twitter_site":"@clariter","schema":{"@context":"https:\/\/schema.org","@graph":[{"@type":"WebPage","@id":"https:\/\/shop.claritergroup.com\/pt-pt\/produto\/auditoria-da-experiencia-de-utilizacao\/","url":"https:\/\/shop.claritergroup.com\/pt-pt\/produto\/auditoria-da-experiencia-de-utilizacao\/","name":"User Experience Assessment - CLARITER","isPartOf":{"@id":"https:\/\/shop.claritergroup.com\/#website"},"datePublished":"2023-08-09T13:45:13+00:00","dateModified":"2024-02-21T15:13:05+00:00","description":"Melhore a Experi\u00eancia de Utiliza\u00e7\u00e3o do seu produto por meio da intera\u00e7\u00e3o direta com utilizadores finais e potenciais utilizadores. A equipe Qalya Sense, empregando sempre uma abordagem centrada no ser humano, recolhe junto da nossa comunidade de crowdsourcing, retorno verdadeiro e isento, sobre Usabilidade e melhorias desejadas no modo como se faz a interface com o utilizador.","breadcrumb":{"@id":"https:\/\/shop.claritergroup.com\/pt-pt\/produto\/auditoria-da-experiencia-de-utilizacao\/#breadcrumb"},"inLanguage":"pt-PT","potentialAction":[{"@type":"ReadAction","target":["https:\/\/shop.claritergroup.com\/pt-pt\/produto\/auditoria-da-experiencia-de-utilizacao\/"]}]},{"@type":"BreadcrumbList","@id":"https:\/\/shop.claritergroup.com\/pt-pt\/produto\/auditoria-da-experiencia-de-utilizacao\/#breadcrumb","itemListElement":[{"@type":"ListItem","position":1,"name":"Home","item":"https:\/\/shop.claritergroup.com\/"},{"@type":"ListItem","position":2,"name":"Tienda","item":"https:\/\/shop.claritergroup.com\/"},{"@type":"ListItem","position":3,"name":"User Experience Assessment"}]},{"@type":"WebSite","@id":"https:\/\/shop.claritergroup.com\/#website","url":"https:\/\/shop.claritergroup.com\/","name":"CLARITER","description":"We improve your customer engagement","potentialAction":[{"@type":"SearchAction","target":{"@type":"EntryPoint","urlTemplate":"https:\/\/shop.claritergroup.com\/?s={search_term_string}"},"query-input":"required name=search_term_string"}],"inLanguage":"pt-PT"}]}},"_links":{"self":[{"href":"https:\/\/shop.claritergroup.com\/pt-pt\/wp-json\/wp\/v2\/product\/231648"}],"collection":[{"href":"https:\/\/shop.claritergroup.com\/pt-pt\/wp-json\/wp\/v2\/product"}],"about":[{"href":"https:\/\/shop.claritergroup.com\/pt-pt\/wp-json\/wp\/v2\/types\/product"}],"wp:featuredmedia":[{"embeddable":true,"href":"https:\/\/shop.claritergroup.com\/pt-pt\/wp-json\/wp\/v2\/media\/231626"}],"wp:attachment":[{"href":"https:\/\/shop.claritergroup.com\/pt-pt\/wp-json\/wp\/v2\/media?parent=231648"}],"wp:term":[{"taxonomy":"product_cat","embeddable":true,"href":"https:\/\/shop.claritergroup.com\/pt-pt\/wp-json\/wp\/v2\/product_cat?post=231648"},{"taxonomy":"product_tag","embeddable":true,"href":"https:\/\/shop.claritergroup.com\/pt-pt\/wp-json\/wp\/v2\/product_tag?post=231648"}],"curies":[{"name":"wp","href":"https:\/\/api.w.org\/{rel}","templated":true}]}}