{"id":231654,"date":"2023-08-09T13:42:41","date_gmt":"2023-08-09T13:42:41","guid":{"rendered":"https:\/\/shop.claritergroup.com\/product\/mecanismo-de-retorno-para-acessibilidade\/"},"modified":"2024-02-21T15:13:43","modified_gmt":"2024-02-21T15:13:43","slug":"mecanismo-de-retorno-para-acessibilidade","status":"publish","type":"product","link":"https:\/\/shop.claritergroup.com\/pt-pt\/produto\/mecanismo-de-retorno-para-acessibilidade\/","title":{"rendered":"Development of Feedback Mechanism for Accessibility Issues"},"content":{"rendered":"<p><span style=\"font-size: 14px\">Escolha esta solu\u00e7\u00e3o para permitir que os utilizadores finais do seu servi\u00e7o digital relatem qualquer problema cr\u00edtico de Acessibilidade sobre o conte\u00fado, p\u00e1ginas e sec\u00e7\u00f5es da sua aplica\u00e7\u00e3o. <\/span><span style=\"font-size: 14px\">Abra um novo canal de comunica\u00e7\u00e3o direta com seus utilizadores finais, para permitir que eles tenham uma voz ativa e participativa, e comuniquem diretamente com a organiza\u00e7\u00e3o. Ao escolher esta solu\u00e7\u00e3o, fornecida pela equipe Qalya Script, est\u00e1 um passo mais perto de estar em conformidade com os regulamentos atuais de Acessibilidade!<\/span><\/p>\n<p><span style=\"font-size: 14px\">Saiba mais sobre o servi\u00e7o <a href=\"https:\/\/shop.claritergroup.com\/wp-content\/uploads\/2023\/09\/8720-en-Feedback-Mechanism.pdf\"><span style=\"color: #0000ff\">aqui<\/span><\/a>.<\/span><\/p>\n","protected":false},"excerpt":{"rendered":"<p>Suporte para o desenvolvimento da p\u00e1gina Web com o mecanismo de retorno de utilizadores, obrigat\u00f3rio para a elabora\u00e7\u00e3o da declara\u00e7\u00e3o de Acessibilidade.<\/p>\n","protected":false},"featured_media":231620,"template":"","meta":{"_et_pb_use_builder":"","_et_pb_old_content":"","_et_gb_content_width":"","inline_featured_image":false},"product_cat":[200,247],"product_tag":[262,269,268,263],"yoast_head":"<!-- This site is optimized with the Yoast SEO plugin v20.12 - https:\/\/yoast.com\/wordpress\/plugins\/seo\/ -->\n<title>Development of Feedback Mechanism for Accessibility Issues - CLARITER<\/title>\n<meta name=\"description\" content=\"Permita que os utilizadores finais relatem diretamente problemas cr\u00edticos de Acessibilidade encontrados na sua aplica\u00e7\u00e3o, estabelecendo um canal de comunica\u00e7\u00e3o acess\u00edvel e inclusivo em conformidade com os regulamentos atuais.\" \/>\n<meta name=\"robots\" content=\"index, follow, max-snippet:-1, max-image-preview:large, max-video-preview:-1\" \/>\n<link rel=\"canonical\" href=\"https:\/\/shop.claritergroup.com\/pt-pt\/produto\/mecanismo-de-retorno-para-acessibilidade\/\" \/>\n<meta property=\"og:locale\" content=\"pt_PT\" \/>\n<meta property=\"og:type\" content=\"article\" \/>\n<meta property=\"og:title\" content=\"Development of Feedback Mechanism for Accessibility Issues - CLARITER\" \/>\n<meta property=\"og:description\" content=\"Permita que os utilizadores finais relatem diretamente problemas cr\u00edticos de Acessibilidade encontrados na sua aplica\u00e7\u00e3o, estabelecendo um canal de comunica\u00e7\u00e3o acess\u00edvel e inclusivo em conformidade com os regulamentos atuais.\" \/>\n<meta property=\"og:url\" content=\"https:\/\/shop.claritergroup.com\/pt-pt\/produto\/mecanismo-de-retorno-para-acessibilidade\/\" \/>\n<meta property=\"og:site_name\" content=\"CLARITER\" \/>\n<meta property=\"article:publisher\" content=\"https:\/\/www.facebook.com\/Claritergroup\/\" \/>\n<meta property=\"article:modified_time\" content=\"2024-02-21T15:13:43+00:00\" \/>\n<meta property=\"og:image\" content=\"https:\/\/shop.claritergroup.com\/wp-content\/uploads\/2023\/08\/Feedback-Mechanism.png\" \/>\n\t<meta property=\"og:image:width\" content=\"1920\" \/>\n\t<meta property=\"og:image:height\" content=\"1920\" \/>\n\t<meta property=\"og:image:type\" content=\"image\/png\" \/>\n<meta name=\"twitter:card\" content=\"summary_large_image\" \/>\n<meta name=\"twitter:site\" content=\"@clariter\" \/>\n<script type=\"application\/ld+json\" class=\"yoast-schema-graph\">{\"@context\":\"https:\/\/schema.org\",\"@graph\":[{\"@type\":\"WebPage\",\"@id\":\"https:\/\/shop.claritergroup.com\/pt-pt\/produto\/mecanismo-de-retorno-para-acessibilidade\/\",\"url\":\"https:\/\/shop.claritergroup.com\/pt-pt\/produto\/mecanismo-de-retorno-para-acessibilidade\/\",\"name\":\"Development of Feedback Mechanism for Accessibility Issues - CLARITER\",\"isPartOf\":{\"@id\":\"https:\/\/shop.claritergroup.com\/#website\"},\"datePublished\":\"2023-08-09T13:42:41+00:00\",\"dateModified\":\"2024-02-21T15:13:43+00:00\",\"description\":\"Permita que os utilizadores finais relatem diretamente problemas cr\u00edticos de Acessibilidade encontrados na sua aplica\u00e7\u00e3o, estabelecendo um canal de comunica\u00e7\u00e3o acess\u00edvel e inclusivo em conformidade com os regulamentos atuais.\",\"breadcrumb\":{\"@id\":\"https:\/\/shop.claritergroup.com\/pt-pt\/produto\/mecanismo-de-retorno-para-acessibilidade\/#breadcrumb\"},\"inLanguage\":\"pt-PT\",\"potentialAction\":[{\"@type\":\"ReadAction\",\"target\":[\"https:\/\/shop.claritergroup.com\/pt-pt\/produto\/mecanismo-de-retorno-para-acessibilidade\/\"]}]},{\"@type\":\"BreadcrumbList\",\"@id\":\"https:\/\/shop.claritergroup.com\/pt-pt\/produto\/mecanismo-de-retorno-para-acessibilidade\/#breadcrumb\",\"itemListElement\":[{\"@type\":\"ListItem\",\"position\":1,\"name\":\"Home\",\"item\":\"https:\/\/shop.claritergroup.com\/\"},{\"@type\":\"ListItem\",\"position\":2,\"name\":\"Tienda\",\"item\":\"https:\/\/shop.claritergroup.com\/\"},{\"@type\":\"ListItem\",\"position\":3,\"name\":\"Development of Feedback Mechanism for Accessibility Issues\"}]},{\"@type\":\"WebSite\",\"@id\":\"https:\/\/shop.claritergroup.com\/#website\",\"url\":\"https:\/\/shop.claritergroup.com\/\",\"name\":\"CLARITER\",\"description\":\"We improve your customer engagement\",\"potentialAction\":[{\"@type\":\"SearchAction\",\"target\":{\"@type\":\"EntryPoint\",\"urlTemplate\":\"https:\/\/shop.claritergroup.com\/?s={search_term_string}\"},\"query-input\":\"required name=search_term_string\"}],\"inLanguage\":\"pt-PT\"}]}<\/script>\n<!-- \/ Yoast SEO plugin. -->","yoast_head_json":{"title":"Development of Feedback Mechanism for Accessibility Issues - CLARITER","description":"Permita que os utilizadores finais relatem diretamente problemas cr\u00edticos de Acessibilidade encontrados na sua aplica\u00e7\u00e3o, estabelecendo um canal de comunica\u00e7\u00e3o acess\u00edvel e inclusivo em conformidade com os regulamentos atuais.","robots":{"index":"index","follow":"follow","max-snippet":"max-snippet:-1","max-image-preview":"max-image-preview:large","max-video-preview":"max-video-preview:-1"},"canonical":"https:\/\/shop.claritergroup.com\/pt-pt\/produto\/mecanismo-de-retorno-para-acessibilidade\/","og_locale":"pt_PT","og_type":"article","og_title":"Development of Feedback Mechanism for Accessibility Issues - CLARITER","og_description":"Permita que os utilizadores finais relatem diretamente problemas cr\u00edticos de Acessibilidade encontrados na sua aplica\u00e7\u00e3o, estabelecendo um canal de comunica\u00e7\u00e3o acess\u00edvel e inclusivo em conformidade com os regulamentos atuais.","og_url":"https:\/\/shop.claritergroup.com\/pt-pt\/produto\/mecanismo-de-retorno-para-acessibilidade\/","og_site_name":"CLARITER","article_publisher":"https:\/\/www.facebook.com\/Claritergroup\/","article_modified_time":"2024-02-21T15:13:43+00:00","og_image":[{"width":1920,"height":1920,"url":"https:\/\/shop.claritergroup.com\/wp-content\/uploads\/2023\/08\/Feedback-Mechanism.png","type":"image\/png"}],"twitter_card":"summary_large_image","twitter_site":"@clariter","schema":{"@context":"https:\/\/schema.org","@graph":[{"@type":"WebPage","@id":"https:\/\/shop.claritergroup.com\/pt-pt\/produto\/mecanismo-de-retorno-para-acessibilidade\/","url":"https:\/\/shop.claritergroup.com\/pt-pt\/produto\/mecanismo-de-retorno-para-acessibilidade\/","name":"Development of Feedback Mechanism for Accessibility Issues - CLARITER","isPartOf":{"@id":"https:\/\/shop.claritergroup.com\/#website"},"datePublished":"2023-08-09T13:42:41+00:00","dateModified":"2024-02-21T15:13:43+00:00","description":"Permita que os utilizadores finais relatem diretamente problemas cr\u00edticos de Acessibilidade encontrados na sua aplica\u00e7\u00e3o, estabelecendo um canal de comunica\u00e7\u00e3o acess\u00edvel e inclusivo em conformidade com os regulamentos atuais.","breadcrumb":{"@id":"https:\/\/shop.claritergroup.com\/pt-pt\/produto\/mecanismo-de-retorno-para-acessibilidade\/#breadcrumb"},"inLanguage":"pt-PT","potentialAction":[{"@type":"ReadAction","target":["https:\/\/shop.claritergroup.com\/pt-pt\/produto\/mecanismo-de-retorno-para-acessibilidade\/"]}]},{"@type":"BreadcrumbList","@id":"https:\/\/shop.claritergroup.com\/pt-pt\/produto\/mecanismo-de-retorno-para-acessibilidade\/#breadcrumb","itemListElement":[{"@type":"ListItem","position":1,"name":"Home","item":"https:\/\/shop.claritergroup.com\/"},{"@type":"ListItem","position":2,"name":"Tienda","item":"https:\/\/shop.claritergroup.com\/"},{"@type":"ListItem","position":3,"name":"Development of Feedback Mechanism for Accessibility Issues"}]},{"@type":"WebSite","@id":"https:\/\/shop.claritergroup.com\/#website","url":"https:\/\/shop.claritergroup.com\/","name":"CLARITER","description":"We improve your customer engagement","potentialAction":[{"@type":"SearchAction","target":{"@type":"EntryPoint","urlTemplate":"https:\/\/shop.claritergroup.com\/?s={search_term_string}"},"query-input":"required name=search_term_string"}],"inLanguage":"pt-PT"}]}},"_links":{"self":[{"href":"https:\/\/shop.claritergroup.com\/pt-pt\/wp-json\/wp\/v2\/product\/231654"}],"collection":[{"href":"https:\/\/shop.claritergroup.com\/pt-pt\/wp-json\/wp\/v2\/product"}],"about":[{"href":"https:\/\/shop.claritergroup.com\/pt-pt\/wp-json\/wp\/v2\/types\/product"}],"wp:featuredmedia":[{"embeddable":true,"href":"https:\/\/shop.claritergroup.com\/pt-pt\/wp-json\/wp\/v2\/media\/231620"}],"wp:attachment":[{"href":"https:\/\/shop.claritergroup.com\/pt-pt\/wp-json\/wp\/v2\/media?parent=231654"}],"wp:term":[{"taxonomy":"product_cat","embeddable":true,"href":"https:\/\/shop.claritergroup.com\/pt-pt\/wp-json\/wp\/v2\/product_cat?post=231654"},{"taxonomy":"product_tag","embeddable":true,"href":"https:\/\/shop.claritergroup.com\/pt-pt\/wp-json\/wp\/v2\/product_tag?post=231654"}],"curies":[{"name":"wp","href":"https:\/\/api.w.org\/{rel}","templated":true}]}}